{"id":990,"date":"2020-08-26T16:20:18","date_gmt":"2020-08-26T16:20:18","guid":{"rendered":"https:\/\/gurufinanciero.com\/new\/?page_id=990"},"modified":"2021-06-11T22:10:10","modified_gmt":"2021-06-11T22:10:10","slug":"modelo-canvas","status":"publish","type":"page","link":"https:\/\/gurufinanciero.com\/new\/modelo-canvas\/","title":{"rendered":"Herramienta para hacer modelos de negocio"},"content":{"rendered":"\t\t<div data-elementor-type=\"wp-page\" data-elementor-id=\"990\" class=\"elementor elementor-990\">\n\t\t\t\t\t\t<section class=\"elementor-section elementor-top-section elementor-element elementor-element-5d767e8 elementor-section-content-bottom elementor-section-boxed elementor-section-height-default elementor-section-height-default\" data-id=\"5d767e8\" data-element_type=\"section\" data-settings=\"{&quot;background_background&quot;:&quot;classic&quot;}\">\n\t\t\t\t\t\t\t<div class=\"elementor-background-overlay\"><\/div>\n\t\t\t\t\t\t\t<div class=\"elementor-container elementor-column-gap-extended\">\n\t\t\t\t\t<div class=\"elementor-column elementor-col-100 elementor-top-column elementor-element elementor-element-abea8c3\" data-id=\"abea8c3\" data-element_type=\"column\">\n\t\t\t<div class=\"elementor-widget-wrap elementor-element-populated\">\n\t\t\t\t\t\t<div class=\"elementor-element elementor-element-4a91697 elementor-widget elementor-widget-spacer\" data-id=\"4a91697\" data-element_type=\"widget\" data-widget_type=\"spacer.default\">\n\t\t\t\t<div class=\"elementor-widget-container\">\n\t\t\t\t\t\t\t<div class=\"elementor-spacer\">\n\t\t\t<div class=\"elementor-spacer-inner\"><\/div>\n\t\t<\/div>\n\t\t\t\t\t\t<\/div>\n\t\t\t\t<\/div>\n\t\t\t\t<div class=\"elementor-element elementor-element-a415fe8 elementor-widget elementor-widget-heading\" data-id=\"a415fe8\" data-element_type=\"widget\" data-widget_type=\"heading.default\">\n\t\t\t\t<div class=\"elementor-widget-container\">\n\t\t\t\t\t<h1 class=\"elementor-heading-title elementor-size-default\">HERRAMIENTA PARA HACER MODELOS DE NEGOCIO<\/h1>\t\t\t\t<\/div>\n\t\t\t\t<\/div>\n\t\t\t\t<div class=\"elementor-element elementor-element-9fd532e elementor-widget elementor-widget-spacer\" data-id=\"9fd532e\" data-element_type=\"widget\" data-widget_type=\"spacer.default\">\n\t\t\t\t<div class=\"elementor-widget-container\">\n\t\t\t\t\t\t\t<div class=\"elementor-spacer\">\n\t\t\t<div class=\"elementor-spacer-inner\"><\/div>\n\t\t<\/div>\n\t\t\t\t\t\t<\/div>\n\t\t\t\t<\/div>\n\t\t\t\t\t<\/div>\n\t\t<\/div>\n\t\t\t\t\t<\/div>\n\t\t<\/section>\n\t\t\t\t<section class=\"elementor-section elementor-top-section elementor-element elementor-element-15e616a elementor-section-boxed elementor-section-height-default elementor-section-height-default\" data-id=\"15e616a\" data-element_type=\"section\">\n\t\t\t\t\t\t<div class=\"elementor-container elementor-column-gap-default\">\n\t\t\t\t\t<div class=\"elementor-column elementor-col-100 elementor-top-column elementor-element elementor-element-53f8fef\" data-id=\"53f8fef\" data-element_type=\"column\">\n\t\t\t<div class=\"elementor-widget-wrap elementor-element-populated\">\n\t\t\t\t\t\t<div class=\"elementor-element elementor-element-2ce5ecd elementor-widget elementor-widget-spacer\" data-id=\"2ce5ecd\" data-element_type=\"widget\" data-widget_type=\"spacer.default\">\n\t\t\t\t<div class=\"elementor-widget-container\">\n\t\t\t\t\t\t\t<div class=\"elementor-spacer\">\n\t\t\t<div class=\"elementor-spacer-inner\"><\/div>\n\t\t<\/div>\n\t\t\t\t\t\t<\/div>\n\t\t\t\t<\/div>\n\t\t\t\t<div class=\"elementor-element elementor-element-1196ecd elementor-widget elementor-widget-text-editor\" data-id=\"1196ecd\" data-element_type=\"widget\" data-widget_type=\"text-editor.default\">\n\t\t\t\t<div class=\"elementor-widget-container\">\n\t\t\t\t\t\t\t\t\t<p>\u00bfHas o\u00eddo hablar del CANVAS model?\u00a0<\/p><p>Alexander Osterwalder e Yves Pigneur en su libro \u00abBusiness model generation\u00bb presentan una metodolog\u00eda que permite visualizar los principales componentes para estructurar un modelo de negocio.\u00a0<\/p><p>Esta herramienta es muy sencilla pero poderosa se conoce con el nombre de CANVAS model.\u00a0<\/p><p>El CANVAS model establece cuatro \u00e1reas fundamentales de toda empresa: clientes, oferta de productos o servicios, infraestructura necesaria y viabilidad econ\u00f3mica. Son nueve m\u00f3dulos que facilitan entender adecuadamente la operaci\u00f3n de un proyecto.\u00a0\u00a0<\/p><p>\u00bfQuieres conocer ejemplos de modelo canvas? Ingresa a este enlace para conocer m\u00e1s sobre la metodolog\u00eda y ejemplos<\/p>\t\t\t\t\t\t\t\t<\/div>\n\t\t\t\t<\/div>\n\t\t\t\t<div class=\"elementor-element elementor-element-7f20c88 elementor-align-center elementor-widget elementor-widget-button\" data-id=\"7f20c88\" data-element_type=\"widget\" data-widget_type=\"button.default\">\n\t\t\t\t<div class=\"elementor-widget-container\">\n\t\t\t\t\t\t\t\t\t<div class=\"elementor-button-wrapper\">\n\t\t\t\t\t<a class=\"elementor-button elementor-button-link elementor-size-sm\" href=\"https:\/\/innokabi.com\/canvas-de-modelo-de-negocio\/\" target=\"_blank\">\n\t\t\t\t\t\t<span class=\"elementor-button-content-wrapper\">\n\t\t\t\t\t\t\t\t\t<span class=\"elementor-button-text\">CANVAS MODEL <\/span>\n\t\t\t\t\t<\/span>\n\t\t\t\t\t<\/a>\n\t\t\t\t<\/div>\n\t\t\t\t\t\t\t\t<\/div>\n\t\t\t\t<\/div>\n\t\t\t\t<div class=\"elementor-element elementor-element-66f55a1 elementor-widget elementor-widget-text-editor\" data-id=\"66f55a1\" data-element_type=\"widget\" data-widget_type=\"text-editor.default\">\n\t\t\t\t<div class=\"elementor-widget-container\">\n\t\t\t\t\t\t\t\t\t<p><span style=\"font-size: 14px; font-style: normal; font-weight: 400; text-align: justify;\">Si tiene dudas al probar el m\u00e9todo o quiere profundizar un poco m\u00e1s <\/span><span style=\"font-size: 14px; font-style: normal; font-weight: 400; text-align: justify;\">para transformar su idea en una realidad, el equipo de <\/span><span style=\"font-size: 14px; font-style: normal; font-weight: bold; text-align: justify;\">GuruFinanciero\u00ae\u00a0<\/span><span style=\"font-size: 14px; font-style: normal; font-weight: 400; text-align: justify;\">esta listo\u00a0 para orientarlo de manera pr\u00e1ctica y eficaz.\u00a0 Separa la primera cita con un mentor experto.\u00a0<\/span><\/p>\t\t\t\t\t\t\t\t<\/div>\n\t\t\t\t<\/div>\n\t\t\t\t<div class=\"elementor-element elementor-element-ff32f3c elementor-align-center elementor-widget elementor-widget-button\" data-id=\"ff32f3c\" data-element_type=\"widget\" data-widget_type=\"button.default\">\n\t\t\t\t<div class=\"elementor-widget-container\">\n\t\t\t\t\t\t\t\t\t<div class=\"elementor-button-wrapper\">\n\t\t\t\t\t<a class=\"elementor-button elementor-button-link elementor-size-sm\" href=\"https:\/\/calendly.com\/gurufinanciero-asesoria-financiera\/asesoria-general-sin-costo\" target=\"_blank\">\n\t\t\t\t\t\t<span class=\"elementor-button-content-wrapper\">\n\t\t\t\t\t\t\t\t\t<span class=\"elementor-button-text\">Agendar cita Mentor Experto<\/span>\n\t\t\t\t\t<\/span>\n\t\t\t\t\t<\/a>\n\t\t\t\t<\/div>\n\t\t\t\t\t\t\t\t<\/div>\n\t\t\t\t<\/div>\n\t\t\t\t\t<\/div>\n\t\t<\/div>\n\t\t\t\t\t<\/div>\n\t\t<\/section>\n\t\t\t\t<\/div>\n\t\t","protected":false},"excerpt":{"rendered":"<p>HERRAMIENTA PARA HACER MODELOS DE NEGOCIO \u00bfHas o\u00eddo hablar del CANVAS model?\u00a0 Alexander Osterwalder e Yves Pigneur en su libro \u00abBusiness model generation\u00bb presentan una metodolog\u00eda que permite visualizar los principales componentes para estructurar un modelo de negocio.\u00a0 Esta herramienta es muy sencilla pero poderosa se conoce con el nombre de CANVAS model.\u00a0 El CANVAS &hellip;<\/p>\n<p class=\"read-more\"> <a class=\"\" href=\"https:\/\/gurufinanciero.com\/new\/modelo-canvas\/\"> <span class=\"screen-reader-text\">Herramienta para hacer modelos de negocio<\/span> Leer m\u00e1s &raquo;<\/a><\/p>\n","protected":false},"author":1,"featured_media":0,"parent":0,"menu_order":0,"comment_status":"closed","ping_status":"closed","template":"","meta":{"footnotes":""},"class_list":["post-990","page","type-page","status-publish","hentry"],"yoast_head":"<!-- This site is optimized with the Yoast SEO plugin v26.9 - https:\/\/yoast.com\/product\/yoast-seo-wordpress\/ -->\n<title>Herramienta para hacer modelos de negocio - GuruFinanciero su amigo en las finanzas personales<\/title>\n<meta name=\"description\" content=\"Una metodolog\u00eda que permite representar una buena parte de los componentes de la oportunidad de empresa en un lienzo\" \/>\n<meta name=\"robots\" content=\"index, follow, max-snippet:-1, max-image-preview:large, max-video-preview:-1\" \/>\n<link rel=\"canonical\" href=\"https:\/\/gurufinanciero.com\/new\/modelo-canvas\/\" \/>\n<meta property=\"og:locale\" content=\"es_ES\" \/>\n<meta property=\"og:type\" content=\"article\" \/>\n<meta property=\"og:title\" content=\"Herramienta para hacer modelos de negocio - GuruFinanciero su amigo en las finanzas personales\" \/>\n<meta property=\"og:description\" content=\"Una metodolog\u00eda que permite representar una buena parte de los componentes de la oportunidad de empresa en un lienzo\" \/>\n<meta property=\"og:url\" content=\"https:\/\/gurufinanciero.com\/new\/modelo-canvas\/\" \/>\n<meta property=\"og:site_name\" content=\"GuruFinanciero su amigo en las finanzas personales\" \/>\n<meta property=\"article:modified_time\" content=\"2021-06-11T22:10:10+00:00\" \/>\n<meta name=\"twitter:card\" content=\"summary_large_image\" \/>\n<meta name=\"twitter:label1\" content=\"Tiempo de lectura\" \/>\n\t<meta name=\"twitter:data1\" content=\"1 minuto\" \/>\n<script type=\"application\/ld+json\" class=\"yoast-schema-graph\">{\"@context\":\"https:\/\/schema.org\",\"@graph\":[{\"@type\":\"WebPage\",\"@id\":\"https:\/\/gurufinanciero.com\/new\/modelo-canvas\/\",\"url\":\"https:\/\/gurufinanciero.com\/new\/modelo-canvas\/\",\"name\":\"Herramienta para hacer modelos de negocio - GuruFinanciero su amigo en las finanzas personales\",\"isPartOf\":{\"@id\":\"https:\/\/gurufinanciero.com\/new\/#website\"},\"datePublished\":\"2020-08-26T16:20:18+00:00\",\"dateModified\":\"2021-06-11T22:10:10+00:00\",\"description\":\"Una metodolog\u00eda que permite representar una buena parte de los componentes de la oportunidad de empresa en un lienzo\",\"breadcrumb\":{\"@id\":\"https:\/\/gurufinanciero.com\/new\/modelo-canvas\/#breadcrumb\"},\"inLanguage\":\"es\",\"potentialAction\":[{\"@type\":\"ReadAction\",\"target\":[\"https:\/\/gurufinanciero.com\/new\/modelo-canvas\/\"]}]},{\"@type\":\"BreadcrumbList\",\"@id\":\"https:\/\/gurufinanciero.com\/new\/modelo-canvas\/#breadcrumb\",\"itemListElement\":[{\"@type\":\"ListItem\",\"position\":1,\"name\":\"Portada\",\"item\":\"https:\/\/gurufinanciero.com\/new\/\"},{\"@type\":\"ListItem\",\"position\":2,\"name\":\"Herramienta para hacer modelos de negocio\"}]},{\"@type\":\"WebSite\",\"@id\":\"https:\/\/gurufinanciero.com\/new\/#website\",\"url\":\"https:\/\/gurufinanciero.com\/new\/\",\"name\":\"GuruFinanciero su amigo en las finanzas personales\",\"description\":\"Mejorar tu salud financiera depender\u00e1 en medida de las decisiones que elijas\",\"publisher\":{\"@id\":\"https:\/\/gurufinanciero.com\/new\/#organization\"},\"potentialAction\":[{\"@type\":\"SearchAction\",\"target\":{\"@type\":\"EntryPoint\",\"urlTemplate\":\"https:\/\/gurufinanciero.com\/new\/?s={search_term_string}\"},\"query-input\":{\"@type\":\"PropertyValueSpecification\",\"valueRequired\":true,\"valueName\":\"search_term_string\"}}],\"inLanguage\":\"es\"},{\"@type\":\"Organization\",\"@id\":\"https:\/\/gurufinanciero.com\/new\/#organization\",\"name\":\"GuruFinanciero su amigo en las finanzas personales\",\"url\":\"https:\/\/gurufinanciero.com\/new\/\",\"logo\":{\"@type\":\"ImageObject\",\"inLanguage\":\"es\",\"@id\":\"https:\/\/gurufinanciero.com\/new\/#\/schema\/logo\/image\/\",\"url\":\"https:\/\/gurufinanciero.com\/new\/wp-content\/uploads\/2020\/02\/cropped-logo-guru-financiero-finanzas-personales.png\",\"contentUrl\":\"https:\/\/gurufinanciero.com\/new\/wp-content\/uploads\/2020\/02\/cropped-logo-guru-financiero-finanzas-personales.png\",\"width\":718,\"height\":162,\"caption\":\"GuruFinanciero su amigo en las finanzas personales\"},\"image\":{\"@id\":\"https:\/\/gurufinanciero.com\/new\/#\/schema\/logo\/image\/\"}}]}<\/script>\n<!-- \/ Yoast SEO plugin. -->","yoast_head_json":{"title":"Herramienta para hacer modelos de negocio - GuruFinanciero su amigo en las finanzas personales","description":"Una metodolog\u00eda que permite representar una buena parte de los componentes de la oportunidad de empresa en un lienzo","robots":{"index":"index","follow":"follow","max-snippet":"max-snippet:-1","max-image-preview":"max-image-preview:large","max-video-preview":"max-video-preview:-1"},"canonical":"https:\/\/gurufinanciero.com\/new\/modelo-canvas\/","og_locale":"es_ES","og_type":"article","og_title":"Herramienta para hacer modelos de negocio - GuruFinanciero su amigo en las finanzas personales","og_description":"Una metodolog\u00eda que permite representar una buena parte de los componentes de la oportunidad de empresa en un lienzo","og_url":"https:\/\/gurufinanciero.com\/new\/modelo-canvas\/","og_site_name":"GuruFinanciero su amigo en las finanzas personales","article_modified_time":"2021-06-11T22:10:10+00:00","twitter_card":"summary_large_image","twitter_misc":{"Tiempo de lectura":"1 minuto"},"schema":{"@context":"https:\/\/schema.org","@graph":[{"@type":"WebPage","@id":"https:\/\/gurufinanciero.com\/new\/modelo-canvas\/","url":"https:\/\/gurufinanciero.com\/new\/modelo-canvas\/","name":"Herramienta para hacer modelos de negocio - GuruFinanciero su amigo en las finanzas personales","isPartOf":{"@id":"https:\/\/gurufinanciero.com\/new\/#website"},"datePublished":"2020-08-26T16:20:18+00:00","dateModified":"2021-06-11T22:10:10+00:00","description":"Una metodolog\u00eda que permite representar una buena parte de los componentes de la oportunidad de empresa en un lienzo","breadcrumb":{"@id":"https:\/\/gurufinanciero.com\/new\/modelo-canvas\/#breadcrumb"},"inLanguage":"es","potentialAction":[{"@type":"ReadAction","target":["https:\/\/gurufinanciero.com\/new\/modelo-canvas\/"]}]},{"@type":"BreadcrumbList","@id":"https:\/\/gurufinanciero.com\/new\/modelo-canvas\/#breadcrumb","itemListElement":[{"@type":"ListItem","position":1,"name":"Portada","item":"https:\/\/gurufinanciero.com\/new\/"},{"@type":"ListItem","position":2,"name":"Herramienta para hacer modelos de negocio"}]},{"@type":"WebSite","@id":"https:\/\/gurufinanciero.com\/new\/#website","url":"https:\/\/gurufinanciero.com\/new\/","name":"GuruFinanciero su amigo en las finanzas personales","description":"Mejorar tu salud financiera depender\u00e1 en medida de las decisiones que elijas","publisher":{"@id":"https:\/\/gurufinanciero.com\/new\/#organization"},"potentialAction":[{"@type":"SearchAction","target":{"@type":"EntryPoint","urlTemplate":"https:\/\/gurufinanciero.com\/new\/?s={search_term_string}"},"query-input":{"@type":"PropertyValueSpecification","valueRequired":true,"valueName":"search_term_string"}}],"inLanguage":"es"},{"@type":"Organization","@id":"https:\/\/gurufinanciero.com\/new\/#organization","name":"GuruFinanciero su amigo en las finanzas personales","url":"https:\/\/gurufinanciero.com\/new\/","logo":{"@type":"ImageObject","inLanguage":"es","@id":"https:\/\/gurufinanciero.com\/new\/#\/schema\/logo\/image\/","url":"https:\/\/gurufinanciero.com\/new\/wp-content\/uploads\/2020\/02\/cropped-logo-guru-financiero-finanzas-personales.png","contentUrl":"https:\/\/gurufinanciero.com\/new\/wp-content\/uploads\/2020\/02\/cropped-logo-guru-financiero-finanzas-personales.png","width":718,"height":162,"caption":"GuruFinanciero su amigo en las finanzas personales"},"image":{"@id":"https:\/\/gurufinanciero.com\/new\/#\/schema\/logo\/image\/"}}]}},"_links":{"self":[{"href":"https:\/\/gurufinanciero.com\/new\/wp-json\/wp\/v2\/pages\/990","targetHints":{"allow":["GET"]}}],"collection":[{"href":"https:\/\/gurufinanciero.com\/new\/wp-json\/wp\/v2\/pages"}],"about":[{"href":"https:\/\/gurufinanciero.com\/new\/wp-json\/wp\/v2\/types\/page"}],"author":[{"embeddable":true,"href":"https:\/\/gurufinanciero.com\/new\/wp-json\/wp\/v2\/users\/1"}],"replies":[{"embeddable":true,"href":"https:\/\/gurufinanciero.com\/new\/wp-json\/wp\/v2\/comments?post=990"}],"version-history":[{"count":17,"href":"https:\/\/gurufinanciero.com\/new\/wp-json\/wp\/v2\/pages\/990\/revisions"}],"predecessor-version":[{"id":1466,"href":"https:\/\/gurufinanciero.com\/new\/wp-json\/wp\/v2\/pages\/990\/revisions\/1466"}],"wp:attachment":[{"href":"https:\/\/gurufinanciero.com\/new\/wp-json\/wp\/v2\/media?parent=990"}],"curies":[{"name":"wp","href":"https:\/\/api.w.org\/{rel}","templated":true}]}}