{"id":948,"date":"2020-08-21T13:43:32","date_gmt":"2020-08-21T13:43:32","guid":{"rendered":"https:\/\/gurufinanciero.com\/new\/?page_id=948"},"modified":"2020-08-31T14:31:52","modified_gmt":"2020-08-31T14:31:52","slug":"consultar-y-entender-historia-laboral","status":"publish","type":"page","link":"https:\/\/gurufinanciero.com\/new\/consultar-y-entender-historia-laboral\/","title":{"rendered":"\u00bfC\u00f3mo consultar y entender su historial laboral?"},"content":{"rendered":"\t\t<div data-elementor-type=\"wp-page\" data-elementor-id=\"948\" class=\"elementor elementor-948\">\n\t\t\t\t\t\t<section class=\"elementor-section elementor-top-section elementor-element elementor-element-d029ae5 elementor-section-content-bottom elementor-section-boxed elementor-section-height-default elementor-section-height-default\" data-id=\"d029ae5\" data-element_type=\"section\" data-settings=\"{&quot;background_background&quot;:&quot;classic&quot;}\">\n\t\t\t\t\t\t\t<div class=\"elementor-background-overlay\"><\/div>\n\t\t\t\t\t\t\t<div class=\"elementor-container elementor-column-gap-extended\">\n\t\t\t\t\t<div class=\"elementor-column elementor-col-100 elementor-top-column elementor-element elementor-element-48e4145\" data-id=\"48e4145\" data-element_type=\"column\">\n\t\t\t<div class=\"elementor-widget-wrap elementor-element-populated\">\n\t\t\t\t\t\t<div class=\"elementor-element elementor-element-dc69128 elementor-widget elementor-widget-spacer\" data-id=\"dc69128\" data-element_type=\"widget\" data-widget_type=\"spacer.default\">\n\t\t\t\t<div class=\"elementor-widget-container\">\n\t\t\t\t\t\t\t<div class=\"elementor-spacer\">\n\t\t\t<div class=\"elementor-spacer-inner\"><\/div>\n\t\t<\/div>\n\t\t\t\t\t\t<\/div>\n\t\t\t\t<\/div>\n\t\t\t\t<div class=\"elementor-element elementor-element-a9ee6e7 elementor-widget elementor-widget-heading\" data-id=\"a9ee6e7\" data-element_type=\"widget\" data-widget_type=\"heading.default\">\n\t\t\t\t<div class=\"elementor-widget-container\">\n\t\t\t\t\t<h1 class=\"elementor-heading-title elementor-size-default\">\u00bfC\u00f3mo consultar y entender su historia laboral? <\/h1>\t\t\t\t<\/div>\n\t\t\t\t<\/div>\n\t\t\t\t<div class=\"elementor-element elementor-element-c353cb6 elementor-widget elementor-widget-spacer\" data-id=\"c353cb6\" data-element_type=\"widget\" data-widget_type=\"spacer.default\">\n\t\t\t\t<div class=\"elementor-widget-container\">\n\t\t\t\t\t\t\t<div class=\"elementor-spacer\">\n\t\t\t<div class=\"elementor-spacer-inner\"><\/div>\n\t\t<\/div>\n\t\t\t\t\t\t<\/div>\n\t\t\t\t<\/div>\n\t\t\t\t\t<\/div>\n\t\t<\/div>\n\t\t\t\t\t<\/div>\n\t\t<\/section>\n\t\t\t\t<section class=\"elementor-section elementor-top-section elementor-element elementor-element-60e514e elementor-section-boxed elementor-section-height-default elementor-section-height-default\" data-id=\"60e514e\" data-element_type=\"section\">\n\t\t\t\t\t\t<div class=\"elementor-container elementor-column-gap-default\">\n\t\t\t\t\t<div class=\"elementor-column elementor-col-100 elementor-top-column elementor-element elementor-element-0f4baa3\" data-id=\"0f4baa3\" data-element_type=\"column\">\n\t\t\t<div class=\"elementor-widget-wrap elementor-element-populated\">\n\t\t\t\t\t\t<div class=\"elementor-element elementor-element-92ec43f elementor-widget elementor-widget-spacer\" data-id=\"92ec43f\" data-element_type=\"widget\" data-widget_type=\"spacer.default\">\n\t\t\t\t<div class=\"elementor-widget-container\">\n\t\t\t\t\t\t\t<div class=\"elementor-spacer\">\n\t\t\t<div class=\"elementor-spacer-inner\"><\/div>\n\t\t<\/div>\n\t\t\t\t\t\t<\/div>\n\t\t\t\t<\/div>\n\t\t\t\t<div class=\"elementor-element elementor-element-444895b elementor-widget elementor-widget-text-editor\" data-id=\"444895b\" data-element_type=\"widget\" data-widget_type=\"text-editor.default\">\n\t\t\t\t<div class=\"elementor-widget-container\">\n\t\t\t\t\t\t\t\t\t<p>La historia laboral es un documento de vital importancia para la planeaci\u00f3n de las finanzas personales de largo plazo. En este documento las personas puede identificar tanto el tiempo cotizado como sus respectivos valores econ\u00f3micos.<\/p><p>Es importante revisar su historia laboral, a trav\u00e9s de este reporte y determinar si cuenta con los requisitos m\u00ednimos para poder acceder a su pensi\u00f3n. No espere a cumplir la edad de pensi\u00f3n, ya que detectar inconsistencias en forma oportuna le permitir\u00e1 hacer los ajustes necesarios.<\/p><p>Para mayor informaci\u00f3n acerca de como consultar su historia laboral en:<\/p>\t\t\t\t\t\t\t\t<\/div>\n\t\t\t\t<\/div>\n\t\t\t\t<section class=\"elementor-section elementor-inner-section elementor-element elementor-element-6c8c690 elementor-section-boxed elementor-section-height-default elementor-section-height-default\" data-id=\"6c8c690\" data-element_type=\"section\">\n\t\t\t\t\t\t<div class=\"elementor-container elementor-column-gap-default\">\n\t\t\t\t\t<div class=\"elementor-column elementor-col-25 elementor-inner-column elementor-element elementor-element-9c0f1a4\" data-id=\"9c0f1a4\" data-element_type=\"column\">\n\t\t\t<div class=\"elementor-widget-wrap elementor-element-populated\">\n\t\t\t\t\t\t<div class=\"elementor-element elementor-element-dc54bc3 elementor-align-center elementor-widget elementor-widget-button\" data-id=\"dc54bc3\" data-element_type=\"widget\" data-widget_type=\"button.default\">\n\t\t\t\t<div class=\"elementor-widget-container\">\n\t\t\t\t\t\t\t\t\t<div class=\"elementor-button-wrapper\">\n\t\t\t\t\t<a class=\"elementor-button elementor-button-link elementor-size-sm\" href=\"https:\/\/www.colpensiones.gov.co\/pensiones\/Publicaciones\/proximos_a_la_pension\/historia_laboral\/consultar_y_entender_la_historia_laboral\" target=\"_blank\">\n\t\t\t\t\t\t<span class=\"elementor-button-content-wrapper\">\n\t\t\t\t\t\t\t\t\t<span class=\"elementor-button-text\">Colpensiones<\/span>\n\t\t\t\t\t<\/span>\n\t\t\t\t\t<\/a>\n\t\t\t\t<\/div>\n\t\t\t\t\t\t\t\t<\/div>\n\t\t\t\t<\/div>\n\t\t\t\t\t<\/div>\n\t\t<\/div>\n\t\t\t\t<div class=\"elementor-column elementor-col-25 elementor-inner-column elementor-element elementor-element-ed7364b\" data-id=\"ed7364b\" data-element_type=\"column\">\n\t\t\t<div class=\"elementor-widget-wrap elementor-element-populated\">\n\t\t\t\t\t\t<div class=\"elementor-element elementor-element-78f9379 elementor-align-center elementor-widget elementor-widget-button\" data-id=\"78f9379\" data-element_type=\"widget\" data-widget_type=\"button.default\">\n\t\t\t\t<div class=\"elementor-widget-container\">\n\t\t\t\t\t\t\t\t\t<div class=\"elementor-button-wrapper\">\n\t\t\t\t\t<a class=\"elementor-button elementor-button-link elementor-size-sm\" href=\"https:\/\/www.porvenir.com.co\/web\/certificados-y-extractos\/certificado-de-historia-laboral\" target=\"_blank\">\n\t\t\t\t\t\t<span class=\"elementor-button-content-wrapper\">\n\t\t\t\t\t\t\t\t\t<span class=\"elementor-button-text\">Porvenir<\/span>\n\t\t\t\t\t<\/span>\n\t\t\t\t\t<\/a>\n\t\t\t\t<\/div>\n\t\t\t\t\t\t\t\t<\/div>\n\t\t\t\t<\/div>\n\t\t\t\t\t<\/div>\n\t\t<\/div>\n\t\t\t\t<div class=\"elementor-column elementor-col-25 elementor-inner-column elementor-element elementor-element-2fc630c\" data-id=\"2fc630c\" data-element_type=\"column\">\n\t\t\t<div class=\"elementor-widget-wrap elementor-element-populated\">\n\t\t\t\t\t\t<div class=\"elementor-element elementor-element-d2475ce elementor-align-center elementor-widget elementor-widget-button\" data-id=\"d2475ce\" data-element_type=\"widget\" data-widget_type=\"button.default\">\n\t\t\t\t<div class=\"elementor-widget-container\">\n\t\t\t\t\t\t\t\t\t<div class=\"elementor-button-wrapper\">\n\t\t\t\t\t<a class=\"elementor-button elementor-button-link elementor-size-sm\" href=\"https:\/\/www.proteccion.com\/wps\/portal\/proteccion\/web\/lo-nuevo\/afiliados\/generar-historia-laboral\" target=\"_blank\">\n\t\t\t\t\t\t<span class=\"elementor-button-content-wrapper\">\n\t\t\t\t\t\t\t\t\t<span class=\"elementor-button-text\">Protecci\u00f3n<\/span>\n\t\t\t\t\t<\/span>\n\t\t\t\t\t<\/a>\n\t\t\t\t<\/div>\n\t\t\t\t\t\t\t\t<\/div>\n\t\t\t\t<\/div>\n\t\t\t\t\t<\/div>\n\t\t<\/div>\n\t\t\t\t<div class=\"elementor-column elementor-col-25 elementor-inner-column elementor-element elementor-element-d61dd84\" data-id=\"d61dd84\" data-element_type=\"column\">\n\t\t\t<div class=\"elementor-widget-wrap elementor-element-populated\">\n\t\t\t\t\t\t<div class=\"elementor-element elementor-element-4310d5d elementor-align-center elementor-widget elementor-widget-button\" data-id=\"4310d5d\" data-element_type=\"widget\" data-widget_type=\"button.default\">\n\t\t\t\t<div class=\"elementor-widget-container\">\n\t\t\t\t\t\t\t\t\t<div class=\"elementor-button-wrapper\">\n\t\t\t\t\t<a class=\"elementor-button elementor-button-link elementor-size-sm\" href=\"https:\/\/www.colfondos.com.co\/dxp\/acceso-de-usuarios\" target=\"_blank\">\n\t\t\t\t\t\t<span class=\"elementor-button-content-wrapper\">\n\t\t\t\t\t\t\t\t\t<span class=\"elementor-button-text\">Colfondos<\/span>\n\t\t\t\t\t<\/span>\n\t\t\t\t\t<\/a>\n\t\t\t\t<\/div>\n\t\t\t\t\t\t\t\t<\/div>\n\t\t\t\t<\/div>\n\t\t\t\t\t<\/div>\n\t\t<\/div>\n\t\t\t\t\t<\/div>\n\t\t<\/section>\n\t\t\t\t\t<\/div>\n\t\t<\/div>\n\t\t\t\t\t<\/div>\n\t\t<\/section>\n\t\t\t\t<section class=\"elementor-section elementor-top-section elementor-element elementor-element-0a39b45 elementor-section-boxed elementor-section-height-default elementor-section-height-default\" data-id=\"0a39b45\" data-element_type=\"section\">\n\t\t\t\t\t\t<div class=\"elementor-container elementor-column-gap-default\">\n\t\t\t\t\t<div class=\"elementor-column elementor-col-100 elementor-top-column elementor-element elementor-element-094016f\" data-id=\"094016f\" data-element_type=\"column\">\n\t\t\t<div class=\"elementor-widget-wrap elementor-element-populated\">\n\t\t\t\t\t\t<div class=\"elementor-element elementor-element-901adf5 elementor-widget elementor-widget-text-editor\" data-id=\"901adf5\" data-element_type=\"widget\" data-widget_type=\"text-editor.default\">\n\t\t\t\t<div class=\"elementor-widget-container\">\n\t\t\t\t\t\t\t\t\t<p>Si requiere una asesor\u00eda personalizada con un mentor experto, para conocer m\u00e1s aspectos sobre su retiro o proceso pensional separar una primera cita inicial<\/p>\t\t\t\t\t\t\t\t<\/div>\n\t\t\t\t<\/div>\n\t\t\t\t\t<\/div>\n\t\t<\/div>\n\t\t\t\t\t<\/div>\n\t\t<\/section>\n\t\t\t\t<section class=\"elementor-section elementor-top-section elementor-element elementor-element-2d75249 elementor-section-boxed elementor-section-height-default elementor-section-height-default\" data-id=\"2d75249\" data-element_type=\"section\">\n\t\t\t\t\t\t<div class=\"elementor-container elementor-column-gap-default\">\n\t\t\t\t\t<div class=\"elementor-column elementor-col-100 elementor-top-column elementor-element elementor-element-d7d0a45\" data-id=\"d7d0a45\" data-element_type=\"column\">\n\t\t\t<div class=\"elementor-widget-wrap elementor-element-populated\">\n\t\t\t\t\t\t<div class=\"elementor-element elementor-element-2d64d8e elementor-align-center elementor-widget elementor-widget-button\" data-id=\"2d64d8e\" data-element_type=\"widget\" data-widget_type=\"button.default\">\n\t\t\t\t<div class=\"elementor-widget-container\">\n\t\t\t\t\t\t\t\t\t<div class=\"elementor-button-wrapper\">\n\t\t\t\t\t<a class=\"elementor-button elementor-button-link elementor-size-sm\" href=\"https:\/\/calendly.com\/gurufinanciero-asesoria-financiera\/asesoria-general-sin-costo\" target=\"_blank\">\n\t\t\t\t\t\t<span class=\"elementor-button-content-wrapper\">\n\t\t\t\t\t\t\t\t\t<span class=\"elementor-button-text\">Agendar cita con Mentor Experto<\/span>\n\t\t\t\t\t<\/span>\n\t\t\t\t\t<\/a>\n\t\t\t\t<\/div>\n\t\t\t\t\t\t\t\t<\/div>\n\t\t\t\t<\/div>\n\t\t\t\t\t<\/div>\n\t\t<\/div>\n\t\t\t\t\t<\/div>\n\t\t<\/section>\n\t\t\t\t<\/div>\n\t\t","protected":false},"excerpt":{"rendered":"<p>\u00bfC\u00f3mo consultar y entender su historia laboral? La historia laboral es un documento de vital importancia para la planeaci\u00f3n de las finanzas personales de largo plazo. En este documento las personas puede identificar tanto el tiempo cotizado como sus respectivos valores econ\u00f3micos. Es importante revisar su historia laboral, a trav\u00e9s de este reporte y determinar &hellip;<\/p>\n<p class=\"read-more\"> <a class=\"\" href=\"https:\/\/gurufinanciero.com\/new\/consultar-y-entender-historia-laboral\/\"> <span class=\"screen-reader-text\">\u00bfC\u00f3mo consultar y entender su historial laboral?<\/span> Leer m\u00e1s &raquo;<\/a><\/p>\n","protected":false},"author":1,"featured_media":0,"parent":0,"menu_order":0,"comment_status":"closed","ping_status":"closed","template":"","meta":{"footnotes":""},"class_list":["post-948","page","type-page","status-publish","hentry"],"yoast_head":"<!-- This site is optimized with the Yoast SEO plugin v26.9 - https:\/\/yoast.com\/product\/yoast-seo-wordpress\/ -->\n<title>\u00bfC\u00f3mo consultar y entender su historial laboral? - GuruFinanciero su amigo en las finanzas personales<\/title>\n<meta name=\"description\" content=\"La historia Laboral le sirve para establecer si afiliado(a) o beneficiarios pueden adquirir el derecho a una prestaci\u00f3n econ\u00f3mica, bien sea pensi\u00f3n de vejez, pensi\u00f3n por invalidez, pensi\u00f3n de sobrevivencia, indemnizaci\u00f3n sustitutiva o auxilio funerario.\" \/>\n<meta name=\"robots\" content=\"index, follow, max-snippet:-1, max-image-preview:large, max-video-preview:-1\" \/>\n<link rel=\"canonical\" href=\"https:\/\/gurufinanciero.com\/new\/consultar-y-entender-historia-laboral\/\" \/>\n<meta property=\"og:locale\" content=\"es_ES\" \/>\n<meta property=\"og:type\" content=\"article\" \/>\n<meta property=\"og:title\" content=\"\u00bfC\u00f3mo consultar y entender su historial laboral? - GuruFinanciero su amigo en las finanzas personales\" \/>\n<meta property=\"og:description\" content=\"La historia Laboral le sirve para establecer si afiliado(a) o beneficiarios pueden adquirir el derecho a una prestaci\u00f3n econ\u00f3mica, bien sea pensi\u00f3n de vejez, pensi\u00f3n por invalidez, pensi\u00f3n de sobrevivencia, indemnizaci\u00f3n sustitutiva o auxilio funerario.\" \/>\n<meta property=\"og:url\" content=\"https:\/\/gurufinanciero.com\/new\/consultar-y-entender-historia-laboral\/\" \/>\n<meta property=\"og:site_name\" content=\"GuruFinanciero su amigo en las finanzas personales\" \/>\n<meta property=\"article:modified_time\" content=\"2020-08-31T14:31:52+00:00\" \/>\n<meta name=\"twitter:card\" content=\"summary_large_image\" \/>\n<meta name=\"twitter:label1\" content=\"Tiempo de lectura\" \/>\n\t<meta name=\"twitter:data1\" content=\"1 minuto\" \/>\n<script type=\"application\/ld+json\" class=\"yoast-schema-graph\">{\"@context\":\"https:\/\/schema.org\",\"@graph\":[{\"@type\":\"WebPage\",\"@id\":\"https:\/\/gurufinanciero.com\/new\/consultar-y-entender-historia-laboral\/\",\"url\":\"https:\/\/gurufinanciero.com\/new\/consultar-y-entender-historia-laboral\/\",\"name\":\"\u00bfC\u00f3mo consultar y entender su historial laboral? - GuruFinanciero su amigo en las finanzas personales\",\"isPartOf\":{\"@id\":\"https:\/\/gurufinanciero.com\/new\/#website\"},\"datePublished\":\"2020-08-21T13:43:32+00:00\",\"dateModified\":\"2020-08-31T14:31:52+00:00\",\"description\":\"La historia Laboral le sirve para establecer si afiliado(a) o beneficiarios pueden adquirir el derecho a una prestaci\u00f3n econ\u00f3mica, bien sea pensi\u00f3n de vejez, pensi\u00f3n por invalidez, pensi\u00f3n de sobrevivencia, indemnizaci\u00f3n sustitutiva o auxilio funerario.\",\"breadcrumb\":{\"@id\":\"https:\/\/gurufinanciero.com\/new\/consultar-y-entender-historia-laboral\/#breadcrumb\"},\"inLanguage\":\"es\",\"potentialAction\":[{\"@type\":\"ReadAction\",\"target\":[\"https:\/\/gurufinanciero.com\/new\/consultar-y-entender-historia-laboral\/\"]}]},{\"@type\":\"BreadcrumbList\",\"@id\":\"https:\/\/gurufinanciero.com\/new\/consultar-y-entender-historia-laboral\/#breadcrumb\",\"itemListElement\":[{\"@type\":\"ListItem\",\"position\":1,\"name\":\"Portada\",\"item\":\"https:\/\/gurufinanciero.com\/new\/\"},{\"@type\":\"ListItem\",\"position\":2,\"name\":\"\u00bfC\u00f3mo consultar y entender su historial laboral?\"}]},{\"@type\":\"WebSite\",\"@id\":\"https:\/\/gurufinanciero.com\/new\/#website\",\"url\":\"https:\/\/gurufinanciero.com\/new\/\",\"name\":\"GuruFinanciero su amigo en las finanzas personales\",\"description\":\"Mejorar tu salud financiera depender\u00e1 en medida de las decisiones que elijas\",\"publisher\":{\"@id\":\"https:\/\/gurufinanciero.com\/new\/#organization\"},\"potentialAction\":[{\"@type\":\"SearchAction\",\"target\":{\"@type\":\"EntryPoint\",\"urlTemplate\":\"https:\/\/gurufinanciero.com\/new\/?s={search_term_string}\"},\"query-input\":{\"@type\":\"PropertyValueSpecification\",\"valueRequired\":true,\"valueName\":\"search_term_string\"}}],\"inLanguage\":\"es\"},{\"@type\":\"Organization\",\"@id\":\"https:\/\/gurufinanciero.com\/new\/#organization\",\"name\":\"GuruFinanciero su amigo en las finanzas personales\",\"url\":\"https:\/\/gurufinanciero.com\/new\/\",\"logo\":{\"@type\":\"ImageObject\",\"inLanguage\":\"es\",\"@id\":\"https:\/\/gurufinanciero.com\/new\/#\/schema\/logo\/image\/\",\"url\":\"https:\/\/gurufinanciero.com\/new\/wp-content\/uploads\/2020\/02\/cropped-logo-guru-financiero-finanzas-personales.png\",\"contentUrl\":\"https:\/\/gurufinanciero.com\/new\/wp-content\/uploads\/2020\/02\/cropped-logo-guru-financiero-finanzas-personales.png\",\"width\":718,\"height\":162,\"caption\":\"GuruFinanciero su amigo en las finanzas personales\"},\"image\":{\"@id\":\"https:\/\/gurufinanciero.com\/new\/#\/schema\/logo\/image\/\"}}]}<\/script>\n<!-- \/ Yoast SEO plugin. -->","yoast_head_json":{"title":"\u00bfC\u00f3mo consultar y entender su historial laboral? - GuruFinanciero su amigo en las finanzas personales","description":"La historia Laboral le sirve para establecer si afiliado(a) o beneficiarios pueden adquirir el derecho a una prestaci\u00f3n econ\u00f3mica, bien sea pensi\u00f3n de vejez, pensi\u00f3n por invalidez, pensi\u00f3n de sobrevivencia, indemnizaci\u00f3n sustitutiva o auxilio funerario.","robots":{"index":"index","follow":"follow","max-snippet":"max-snippet:-1","max-image-preview":"max-image-preview:large","max-video-preview":"max-video-preview:-1"},"canonical":"https:\/\/gurufinanciero.com\/new\/consultar-y-entender-historia-laboral\/","og_locale":"es_ES","og_type":"article","og_title":"\u00bfC\u00f3mo consultar y entender su historial laboral? - GuruFinanciero su amigo en las finanzas personales","og_description":"La historia Laboral le sirve para establecer si afiliado(a) o beneficiarios pueden adquirir el derecho a una prestaci\u00f3n econ\u00f3mica, bien sea pensi\u00f3n de vejez, pensi\u00f3n por invalidez, pensi\u00f3n de sobrevivencia, indemnizaci\u00f3n sustitutiva o auxilio funerario.","og_url":"https:\/\/gurufinanciero.com\/new\/consultar-y-entender-historia-laboral\/","og_site_name":"GuruFinanciero su amigo en las finanzas personales","article_modified_time":"2020-08-31T14:31:52+00:00","twitter_card":"summary_large_image","twitter_misc":{"Tiempo de lectura":"1 minuto"},"schema":{"@context":"https:\/\/schema.org","@graph":[{"@type":"WebPage","@id":"https:\/\/gurufinanciero.com\/new\/consultar-y-entender-historia-laboral\/","url":"https:\/\/gurufinanciero.com\/new\/consultar-y-entender-historia-laboral\/","name":"\u00bfC\u00f3mo consultar y entender su historial laboral? - GuruFinanciero su amigo en las finanzas personales","isPartOf":{"@id":"https:\/\/gurufinanciero.com\/new\/#website"},"datePublished":"2020-08-21T13:43:32+00:00","dateModified":"2020-08-31T14:31:52+00:00","description":"La historia Laboral le sirve para establecer si afiliado(a) o beneficiarios pueden adquirir el derecho a una prestaci\u00f3n econ\u00f3mica, bien sea pensi\u00f3n de vejez, pensi\u00f3n por invalidez, pensi\u00f3n de sobrevivencia, indemnizaci\u00f3n sustitutiva o auxilio funerario.","breadcrumb":{"@id":"https:\/\/gurufinanciero.com\/new\/consultar-y-entender-historia-laboral\/#breadcrumb"},"inLanguage":"es","potentialAction":[{"@type":"ReadAction","target":["https:\/\/gurufinanciero.com\/new\/consultar-y-entender-historia-laboral\/"]}]},{"@type":"BreadcrumbList","@id":"https:\/\/gurufinanciero.com\/new\/consultar-y-entender-historia-laboral\/#breadcrumb","itemListElement":[{"@type":"ListItem","position":1,"name":"Portada","item":"https:\/\/gurufinanciero.com\/new\/"},{"@type":"ListItem","position":2,"name":"\u00bfC\u00f3mo consultar y entender su historial laboral?"}]},{"@type":"WebSite","@id":"https:\/\/gurufinanciero.com\/new\/#website","url":"https:\/\/gurufinanciero.com\/new\/","name":"GuruFinanciero su amigo en las finanzas personales","description":"Mejorar tu salud financiera depender\u00e1 en medida de las decisiones que elijas","publisher":{"@id":"https:\/\/gurufinanciero.com\/new\/#organization"},"potentialAction":[{"@type":"SearchAction","target":{"@type":"EntryPoint","urlTemplate":"https:\/\/gurufinanciero.com\/new\/?s={search_term_string}"},"query-input":{"@type":"PropertyValueSpecification","valueRequired":true,"valueName":"search_term_string"}}],"inLanguage":"es"},{"@type":"Organization","@id":"https:\/\/gurufinanciero.com\/new\/#organization","name":"GuruFinanciero su amigo en las finanzas personales","url":"https:\/\/gurufinanciero.com\/new\/","logo":{"@type":"ImageObject","inLanguage":"es","@id":"https:\/\/gurufinanciero.com\/new\/#\/schema\/logo\/image\/","url":"https:\/\/gurufinanciero.com\/new\/wp-content\/uploads\/2020\/02\/cropped-logo-guru-financiero-finanzas-personales.png","contentUrl":"https:\/\/gurufinanciero.com\/new\/wp-content\/uploads\/2020\/02\/cropped-logo-guru-financiero-finanzas-personales.png","width":718,"height":162,"caption":"GuruFinanciero su amigo en las finanzas personales"},"image":{"@id":"https:\/\/gurufinanciero.com\/new\/#\/schema\/logo\/image\/"}}]}},"_links":{"self":[{"href":"https:\/\/gurufinanciero.com\/new\/wp-json\/wp\/v2\/pages\/948","targetHints":{"allow":["GET"]}}],"collection":[{"href":"https:\/\/gurufinanciero.com\/new\/wp-json\/wp\/v2\/pages"}],"about":[{"href":"https:\/\/gurufinanciero.com\/new\/wp-json\/wp\/v2\/types\/page"}],"author":[{"embeddable":true,"href":"https:\/\/gurufinanciero.com\/new\/wp-json\/wp\/v2\/users\/1"}],"replies":[{"embeddable":true,"href":"https:\/\/gurufinanciero.com\/new\/wp-json\/wp\/v2\/comments?post=948"}],"version-history":[{"count":21,"href":"https:\/\/gurufinanciero.com\/new\/wp-json\/wp\/v2\/pages\/948\/revisions"}],"predecessor-version":[{"id":1145,"href":"https:\/\/gurufinanciero.com\/new\/wp-json\/wp\/v2\/pages\/948\/revisions\/1145"}],"wp:attachment":[{"href":"https:\/\/gurufinanciero.com\/new\/wp-json\/wp\/v2\/media?parent=948"}],"curies":[{"name":"wp","href":"https:\/\/api.w.org\/{rel}","templated":true}]}}