{"id":688,"date":"2020-02-19T17:31:15","date_gmt":"2020-02-19T17:31:15","guid":{"rendered":"https:\/\/gurufinanciero.com\/new\/?page_id=688"},"modified":"2020-02-19T18:44:50","modified_gmt":"2020-02-19T18:44:50","slug":"nueve-pasos-hacia-la-libertad-financiera","status":"publish","type":"page","link":"https:\/\/gurufinanciero.com\/new\/nueve-pasos-hacia-la-libertad-financiera\/","title":{"rendered":"Nueve (9) pasos hacia la libertad financiera"},"content":{"rendered":"\t\t<div data-elementor-type=\"wp-page\" data-elementor-id=\"688\" class=\"elementor elementor-688\">\n\t\t\t\t\t\t<section class=\"elementor-section elementor-top-section elementor-element elementor-element-34aefef elementor-section-content-bottom elementor-section-boxed elementor-section-height-default elementor-section-height-default\" data-id=\"34aefef\" data-element_type=\"section\" data-settings=\"{&quot;background_background&quot;:&quot;classic&quot;}\">\n\t\t\t\t\t\t\t<div class=\"elementor-background-overlay\"><\/div>\n\t\t\t\t\t\t\t<div class=\"elementor-container elementor-column-gap-extended\">\n\t\t\t\t\t<div class=\"elementor-column elementor-col-100 elementor-top-column elementor-element elementor-element-aed913b\" data-id=\"aed913b\" data-element_type=\"column\">\n\t\t\t<div class=\"elementor-widget-wrap elementor-element-populated\">\n\t\t\t\t\t\t<div class=\"elementor-element elementor-element-74c813d elementor-widget elementor-widget-spacer\" data-id=\"74c813d\" data-element_type=\"widget\" data-widget_type=\"spacer.default\">\n\t\t\t\t<div class=\"elementor-widget-container\">\n\t\t\t\t\t\t\t<div class=\"elementor-spacer\">\n\t\t\t<div class=\"elementor-spacer-inner\"><\/div>\n\t\t<\/div>\n\t\t\t\t\t\t<\/div>\n\t\t\t\t<\/div>\n\t\t\t\t<div class=\"elementor-element elementor-element-54e7f11 elementor-widget elementor-widget-heading\" data-id=\"54e7f11\" data-element_type=\"widget\" data-widget_type=\"heading.default\">\n\t\t\t\t<div class=\"elementor-widget-container\">\n\t\t\t\t\t<h1 class=\"elementor-heading-title elementor-size-default\">Nueve (9) pasos hacia <br>la libertad financiera <\/h1>\t\t\t\t<\/div>\n\t\t\t\t<\/div>\n\t\t\t\t<div class=\"elementor-element elementor-element-e9df539 elementor-widget elementor-widget-spacer\" data-id=\"e9df539\" data-element_type=\"widget\" data-widget_type=\"spacer.default\">\n\t\t\t\t<div class=\"elementor-widget-container\">\n\t\t\t\t\t\t\t<div class=\"elementor-spacer\">\n\t\t\t<div class=\"elementor-spacer-inner\"><\/div>\n\t\t<\/div>\n\t\t\t\t\t\t<\/div>\n\t\t\t\t<\/div>\n\t\t\t\t\t<\/div>\n\t\t<\/div>\n\t\t\t\t\t<\/div>\n\t\t<\/section>\n\t\t\t\t<section class=\"elementor-section elementor-top-section elementor-element elementor-element-816aff2 elementor-section-boxed elementor-section-height-default elementor-section-height-default\" data-id=\"816aff2\" data-element_type=\"section\">\n\t\t\t\t\t\t<div class=\"elementor-container elementor-column-gap-default\">\n\t\t\t\t\t<div class=\"elementor-column elementor-col-100 elementor-top-column elementor-element elementor-element-6afe8a6\" data-id=\"6afe8a6\" data-element_type=\"column\">\n\t\t\t<div class=\"elementor-widget-wrap elementor-element-populated\">\n\t\t\t\t\t\t<div class=\"elementor-element elementor-element-1f981b2 elementor-widget elementor-widget-spacer\" data-id=\"1f981b2\" data-element_type=\"widget\" data-widget_type=\"spacer.default\">\n\t\t\t\t<div class=\"elementor-widget-container\">\n\t\t\t\t\t\t\t<div class=\"elementor-spacer\">\n\t\t\t<div class=\"elementor-spacer-inner\"><\/div>\n\t\t<\/div>\n\t\t\t\t\t\t<\/div>\n\t\t\t\t<\/div>\n\t\t\t\t<div class=\"elementor-element elementor-element-e075601 elementor-widget elementor-widget-text-editor\" data-id=\"e075601\" data-element_type=\"widget\" data-widget_type=\"text-editor.default\">\n\t\t\t\t<div class=\"elementor-widget-container\">\n\t\t\t\t\t\t\t\t\t<div class=\"elementor-element elementor-element-a88b620 elementor-widget elementor-widget-heading\" data-id=\"a88b620\" data-element_type=\"widget\" data-widget_type=\"heading.default\"><div class=\"elementor-widget-container\"><h2 class=\"elementor-heading-title elementor-size-medium\">Suze Orman nos ense\u00f1a a trav\u00e9s de 9 pasos financieros a manejar y a multiplicar nuestro dinero y a c\u00f3mo dejar atr\u00e1s nuestros miedos y as\u00ed liberarnos financiera mente&#8230;.<\/h2><\/div><\/div><div class=\"elementor-element elementor-element-4ff8f0e elementor-widget elementor-widget-text-editor\" data-id=\"4ff8f0e\" data-element_type=\"widget\" data-widget_type=\"text-editor.default\"><div class=\"elementor-widget-container\"><div class=\"elementor-text-editor elementor-clearfix\"><p><strong>Paso 1<\/strong>\u00a0\u2013\u00a0<span id=\"u134491-6\">El pasado clave para tu futuro financiero: Este punto es muy acertado por Orman ya que la situaci\u00f3n en que nos encontramos hoy en d\u00eda es producto de las decisiones que tomamos en el pasado, por lo tanto si queremos tener finanzas saludables es importante evaluar las experiencias del pasados con relaci\u00f3n al dinero para poder tomar mejores decisiones que resulten en una mejor situaci\u00f3n econ\u00f3mica en el corto plazo. Pero esto no es suficiente para lograr la libertad financiera, T\u00fa puedes pensar en tu pasado todo lo que quieras, pero necesitar\u00e1s m\u00e1s que recuerdos para sanear tus finanzas.<\/span><\/p><\/div><\/div><\/div><div class=\"elementor-element elementor-element-9dea1ef elementor-widget elementor-widget-text-editor\" data-id=\"9dea1ef\" data-element_type=\"widget\" data-widget_type=\"text-editor.default\"><div class=\"elementor-widget-container\"><div class=\"elementor-text-editor elementor-clearfix\"><p><strong>Paso 2<\/strong>\u00a0\u2013\u00a0<span id=\"u134491-10\">Enfrenta tus miedos y crea nuevas verdades: El segundo cap\u00edtulo del libro \u201c9 pasos hacia la libertad financiera\u201d tiene un enfoque similar al primero ya que ambos tienen una aplicaci\u00f3n psicol\u00f3gica. Aunque lo que menciona Orman es una realidad para todos, eso no te ayuda con la planificaci\u00f3n financiera. El pensamiento positivo es muy bueno, pero de nuevo, no te llevar\u00e1 a ninguna parte sin un plan de acci\u00f3n.<\/span><\/p><\/div><\/div><\/div><div class=\"elementor-element elementor-element-54fe2b0 elementor-widget elementor-widget-text-editor\" data-id=\"54fe2b0\" data-element_type=\"widget\" data-widget_type=\"text-editor.default\"><div class=\"elementor-widget-container\"><div class=\"elementor-text-editor elementor-clearfix\"><p><strong>Paso 3<\/strong>\u00a0\u2013\u00a0<span id=\"u134491-14\">Ser honesto con uno mismo: Definitivamente Orman tiene mucha raz\u00f3n en este paso. Las personas que est\u00e1n negando su verdadera situaci\u00f3n financiera en vez de arreglarla, se sumergir\u00e1n m\u00e1s en deudas para fingir su estatus. Orman sugiere no perder de vista todo lo que gasta para que vean claramente que en la mayor\u00eda de los casos gastamos en cosas in\u00fatiles.<\/span><\/p><\/div><\/div><\/div><div class=\"elementor-element elementor-element-f4a1de7 elementor-widget elementor-widget-text-editor\" data-id=\"f4a1de7\" data-element_type=\"widget\" data-widget_type=\"text-editor.default\"><div class=\"elementor-widget-container\"><div class=\"elementor-text-editor elementor-clearfix\"><p><strong>Paso 4<\/strong>\u00a0\u2013<span id=\"u134491-18\">\u00a0Ser responsable con tus seres queridos: En el cuarto cap\u00edtulo de los \u201c9 pasos hacia la libertad financiera\u201d, Orman habla acerca de c\u00f3mo cuidar a tus seres queridos si algo llegara a suceder. El \u00fanico problema es que si realmente est\u00e1n en problemas financieros, la mayor\u00eda de la gente no tiene nada que dejar a sus familias de todos modos. Este es un paso muy importante, sin embargo no creo que deber\u00eda ser el n\u00famero 4 en la lista.<\/span><\/p><\/div><\/div><\/div><div class=\"elementor-element elementor-element-1ebcc9b elementor-widget elementor-widget-text-editor\" data-id=\"1ebcc9b\" data-element_type=\"widget\" data-widget_type=\"text-editor.default\"><div class=\"elementor-widget-container\"><div class=\"elementor-text-editor elementor-clearfix\"><p><strong>Paso 5<\/strong>\u00a0<span id=\"u134491-22\">\u2013 Ser respetuoso de ti mismo y tu dinero: Este paso es b\u00e1sicamente acerca de c\u00f3mo organizar tus finanzas, el pago de tus deuda, e invertir sabiamente. Para m\u00ed, este es uno de los pasos m\u00e1s s\u00f3lidos que hay que tener para alcanzar la libertad financiera, ya que significa tomar acci\u00f3n y hacer algo para cambiar su situaci\u00f3n actual.<\/span><\/p><\/div><\/div><\/div><div class=\"elementor-element elementor-element-9d11d7c elementor-widget elementor-widget-text-editor\" data-id=\"9d11d7c\" data-element_type=\"widget\" data-widget_type=\"text-editor.default\"><div class=\"elementor-widget-container\"><div class=\"elementor-text-editor elementor-clearfix\"><p><strong>Paso 6<\/strong>\u00a0<span id=\"u134491-26\">\u2013 Confiar en ti mismo m\u00e1s que en otros: Orman habla acerca de c\u00f3mo tienes que confiar en ti mismo m\u00e1s que en otros y m\u00e1ximo cuando se trata de invertir, dice que es muy necesario actuar bajo ese instinto. Pero en ese mismo cap\u00edtulo Orman menciona que adem\u00e1s de su instinto la gente debe de buscar un asesor financiero. Estoy de acuerdo en que es importante tener una buena sensaci\u00f3n acerca de algo, pero tambi\u00e9n creo que es importante obtener una segunda opini\u00f3n y el asesoramiento antes de tomar decisiones importantes.<\/span><\/p><\/div><\/div><\/div><div class=\"elementor-element elementor-element-dfe054b elementor-widget elementor-widget-text-editor\" data-id=\"dfe054b\" data-element_type=\"widget\" data-widget_type=\"text-editor.default\"><div class=\"elementor-widget-container\"><div class=\"elementor-text-editor elementor-clearfix\"><p><strong>Paso 7<\/strong>\u00a0<span id=\"u134491-30\">\u2013 Estar abiertos a recibir todo lo que se supone que tienes: El enfoque aqu\u00ed es que el dinero no te trae la verdadera felicidad, sino que la felicidad puede traer beneficios financieros. Tambi\u00e9n alienta a dar dinero a organizaciones ben\u00e9ficas para lograr tan preciada libertad. En mi opini\u00f3n, esto no deber\u00eda estar en su lista de los 9 pasos hacia la libertad financiera. Estoy de acuerdo en que el dinero no da la felicidad verdadera y que es gratificante dar a los dem\u00e1s, pero yo no veo c\u00f3mo esto puede llevar la libertad financiera. Podemos definitivamente dar de lo que tenemos, pero no debe ser parte de una estrategia para alcanzar libertad financiera.<\/span><\/p><\/div><\/div><\/div><div class=\"elementor-element elementor-element-99dabfa elementor-widget elementor-widget-text-editor\" data-id=\"99dabfa\" data-element_type=\"widget\" data-widget_type=\"text-editor.default\"><div class=\"elementor-widget-container\"><div class=\"elementor-text-editor elementor-clearfix\"><p><strong>Paso 8<\/strong>\u00a0<span id=\"u134491-34\">\u2013 Entender el flujo del ciclo del dinero: El punto principal que Orman est\u00e1 tratando de mostrar aqu\u00ed es que tenemos que aprender que el bien puede venir de los malos momentos que pasamos, por lo que tenemos que sacar el m\u00e1ximo partido de ello. Esto es tan importante como una lecci\u00f3n de vida, pero de nuevo, no estoy seguro de que le ayudar\u00e1 a alcanzar la libertad financiera. Ahora bien, s\u00ed es importante ver las oportunidades detr\u00e1s de los malos momentos ya que por la misma situaci\u00f3n podr\u00edamos dejar pasar la oportunidad de nuestras vidas.<\/span><\/p><\/div><\/div><\/div><div class=\"elementor-element elementor-element-eea5f26 elementor-widget elementor-widget-text-editor\" data-id=\"eea5f26\" data-element_type=\"widget\" data-widget_type=\"text-editor.default\"><div class=\"elementor-widget-container\"><div class=\"elementor-text-editor elementor-clearfix\"><p><strong>Paso 9<\/strong>\u00a0<span id=\"u134491-38\">\u2013 Reconocer la verdadera riqueza: El \u00faltimo de los \u201c9 pasos hacia la libertad financiera\u201d se trata de saber lo que es realmente valioso en la vida y que el dinero no es lo que realmente te hace rico. As\u00ed que mucha gente pierde de vista lo que es realmente importante. Este es un gran paso para pensar en tu viaje hacia la libertad financiera, porque libertad financiera no es ser millonario, sino tener la tranquilidad de contar con un ingreso permanente para cubrir sus necesidades sin tener un horario y jefe que te estorben en tu vida.<\/span><\/p><\/div><\/div><\/div><div class=\"elementor-element elementor-element-0b20f82 elementor-widget elementor-widget-text-editor\" data-id=\"0b20f82\" data-element_type=\"widget\" data-widget_type=\"text-editor.default\"><div class=\"elementor-widget-container\"><div class=\"elementor-text-editor elementor-clearfix\"><p id=\"u134491-42\">Fuente:<\/p><ul id=\"u134491-50\" class=\"list0 nls-None\"><li id=\"u134491-45\">Libro: 9 Steps to Financial Freedom: Practical and Spiritual Steps So You Can Stop Worrying<\/li><li id=\"u134491-47\">Escrito por: Suze Orman<\/li><li id=\"u134491-49\">Tema: Finanzas Personales<\/li><\/ul><\/div><\/div><\/div>\t\t\t\t\t\t\t\t<\/div>\n\t\t\t\t<\/div>\n\t\t\t\t\t<\/div>\n\t\t<\/div>\n\t\t\t\t\t<\/div>\n\t\t<\/section>\n\t\t\t\t<\/div>\n\t\t","protected":false},"excerpt":{"rendered":"<p>Nueve (9) pasos hacia la libertad financiera Suze Orman nos ense\u00f1a a trav\u00e9s de 9 pasos financieros a manejar y a multiplicar nuestro dinero y a c\u00f3mo dejar atr\u00e1s nuestros miedos y as\u00ed liberarnos financiera mente&#8230;. Paso 1&nbsp;\u2013&nbsp;El pasado clave para tu futuro financiero: Este punto es muy acertado por Orman ya que la situaci\u00f3n &hellip;<\/p>\n<p class=\"read-more\"> <a class=\"\" href=\"https:\/\/gurufinanciero.com\/new\/nueve-pasos-hacia-la-libertad-financiera\/\"> <span class=\"screen-reader-text\">Nueve (9) pasos hacia la libertad financiera<\/span> Leer m\u00e1s &raquo;<\/a><\/p>\n","protected":false},"author":1,"featured_media":0,"parent":0,"menu_order":0,"comment_status":"closed","ping_status":"closed","template":"","meta":{"footnotes":""},"class_list":["post-688","page","type-page","status-publish","hentry"],"yoast_head":"<!-- This site is optimized with the Yoast SEO plugin v26.9 - https:\/\/yoast.com\/product\/yoast-seo-wordpress\/ -->\n<title>Nueve (9) pasos hacia la libertad financiera - GuruFinanciero su amigo en las finanzas personales<\/title>\n<meta name=\"robots\" content=\"index, follow, max-snippet:-1, max-image-preview:large, max-video-preview:-1\" \/>\n<link rel=\"canonical\" href=\"https:\/\/gurufinanciero.com\/new\/nueve-pasos-hacia-la-libertad-financiera\/\" \/>\n<meta property=\"og:locale\" content=\"es_ES\" \/>\n<meta property=\"og:type\" content=\"article\" \/>\n<meta property=\"og:title\" content=\"Nueve (9) pasos hacia la libertad financiera - GuruFinanciero su amigo en las finanzas personales\" \/>\n<meta property=\"og:description\" content=\"Nueve (9) pasos hacia la libertad financiera Suze Orman nos ense\u00f1a a trav\u00e9s de 9 pasos financieros a manejar y a multiplicar nuestro dinero y a c\u00f3mo dejar atr\u00e1s nuestros miedos y as\u00ed liberarnos financiera mente&#8230;. Paso 1&nbsp;\u2013&nbsp;El pasado clave para tu futuro financiero: Este punto es muy acertado por Orman ya que la situaci\u00f3n &hellip; Nueve (9) pasos hacia la libertad financiera Leer m\u00e1s &raquo;\" \/>\n<meta property=\"og:url\" content=\"https:\/\/gurufinanciero.com\/new\/nueve-pasos-hacia-la-libertad-financiera\/\" \/>\n<meta property=\"og:site_name\" content=\"GuruFinanciero su amigo en las finanzas personales\" \/>\n<meta property=\"article:modified_time\" content=\"2020-02-19T18:44:50+00:00\" \/>\n<meta name=\"twitter:card\" content=\"summary_large_image\" \/>\n<meta name=\"twitter:label1\" content=\"Tiempo de lectura\" \/>\n\t<meta name=\"twitter:data1\" content=\"4 minutos\" \/>\n<script type=\"application\/ld+json\" class=\"yoast-schema-graph\">{\"@context\":\"https:\/\/schema.org\",\"@graph\":[{\"@type\":\"WebPage\",\"@id\":\"https:\/\/gurufinanciero.com\/new\/nueve-pasos-hacia-la-libertad-financiera\/\",\"url\":\"https:\/\/gurufinanciero.com\/new\/nueve-pasos-hacia-la-libertad-financiera\/\",\"name\":\"Nueve (9) pasos hacia la libertad financiera - GuruFinanciero su amigo en las finanzas personales\",\"isPartOf\":{\"@id\":\"https:\/\/gurufinanciero.com\/new\/#website\"},\"datePublished\":\"2020-02-19T17:31:15+00:00\",\"dateModified\":\"2020-02-19T18:44:50+00:00\",\"breadcrumb\":{\"@id\":\"https:\/\/gurufinanciero.com\/new\/nueve-pasos-hacia-la-libertad-financiera\/#breadcrumb\"},\"inLanguage\":\"es\",\"potentialAction\":[{\"@type\":\"ReadAction\",\"target\":[\"https:\/\/gurufinanciero.com\/new\/nueve-pasos-hacia-la-libertad-financiera\/\"]}]},{\"@type\":\"BreadcrumbList\",\"@id\":\"https:\/\/gurufinanciero.com\/new\/nueve-pasos-hacia-la-libertad-financiera\/#breadcrumb\",\"itemListElement\":[{\"@type\":\"ListItem\",\"position\":1,\"name\":\"Portada\",\"item\":\"https:\/\/gurufinanciero.com\/new\/\"},{\"@type\":\"ListItem\",\"position\":2,\"name\":\"Nueve (9) pasos hacia la libertad financiera\"}]},{\"@type\":\"WebSite\",\"@id\":\"https:\/\/gurufinanciero.com\/new\/#website\",\"url\":\"https:\/\/gurufinanciero.com\/new\/\",\"name\":\"GuruFinanciero su amigo en las finanzas personales\",\"description\":\"Mejorar tu salud financiera depender\u00e1 en medida de las decisiones que elijas\",\"publisher\":{\"@id\":\"https:\/\/gurufinanciero.com\/new\/#organization\"},\"potentialAction\":[{\"@type\":\"SearchAction\",\"target\":{\"@type\":\"EntryPoint\",\"urlTemplate\":\"https:\/\/gurufinanciero.com\/new\/?s={search_term_string}\"},\"query-input\":{\"@type\":\"PropertyValueSpecification\",\"valueRequired\":true,\"valueName\":\"search_term_string\"}}],\"inLanguage\":\"es\"},{\"@type\":\"Organization\",\"@id\":\"https:\/\/gurufinanciero.com\/new\/#organization\",\"name\":\"GuruFinanciero su amigo en las finanzas personales\",\"url\":\"https:\/\/gurufinanciero.com\/new\/\",\"logo\":{\"@type\":\"ImageObject\",\"inLanguage\":\"es\",\"@id\":\"https:\/\/gurufinanciero.com\/new\/#\/schema\/logo\/image\/\",\"url\":\"https:\/\/gurufinanciero.com\/new\/wp-content\/uploads\/2020\/02\/cropped-logo-guru-financiero-finanzas-personales.png\",\"contentUrl\":\"https:\/\/gurufinanciero.com\/new\/wp-content\/uploads\/2020\/02\/cropped-logo-guru-financiero-finanzas-personales.png\",\"width\":718,\"height\":162,\"caption\":\"GuruFinanciero su amigo en las finanzas personales\"},\"image\":{\"@id\":\"https:\/\/gurufinanciero.com\/new\/#\/schema\/logo\/image\/\"}}]}<\/script>\n<!-- \/ Yoast SEO plugin. -->","yoast_head_json":{"title":"Nueve (9) pasos hacia la libertad financiera - GuruFinanciero su amigo en las finanzas personales","robots":{"index":"index","follow":"follow","max-snippet":"max-snippet:-1","max-image-preview":"max-image-preview:large","max-video-preview":"max-video-preview:-1"},"canonical":"https:\/\/gurufinanciero.com\/new\/nueve-pasos-hacia-la-libertad-financiera\/","og_locale":"es_ES","og_type":"article","og_title":"Nueve (9) pasos hacia la libertad financiera - GuruFinanciero su amigo en las finanzas personales","og_description":"Nueve (9) pasos hacia la libertad financiera Suze Orman nos ense\u00f1a a trav\u00e9s de 9 pasos financieros a manejar y a multiplicar nuestro dinero y a c\u00f3mo dejar atr\u00e1s nuestros miedos y as\u00ed liberarnos financiera mente&#8230;. Paso 1&nbsp;\u2013&nbsp;El pasado clave para tu futuro financiero: Este punto es muy acertado por Orman ya que la situaci\u00f3n &hellip; Nueve (9) pasos hacia la libertad financiera Leer m\u00e1s &raquo;","og_url":"https:\/\/gurufinanciero.com\/new\/nueve-pasos-hacia-la-libertad-financiera\/","og_site_name":"GuruFinanciero su amigo en las finanzas personales","article_modified_time":"2020-02-19T18:44:50+00:00","twitter_card":"summary_large_image","twitter_misc":{"Tiempo de lectura":"4 minutos"},"schema":{"@context":"https:\/\/schema.org","@graph":[{"@type":"WebPage","@id":"https:\/\/gurufinanciero.com\/new\/nueve-pasos-hacia-la-libertad-financiera\/","url":"https:\/\/gurufinanciero.com\/new\/nueve-pasos-hacia-la-libertad-financiera\/","name":"Nueve (9) pasos hacia la libertad financiera - GuruFinanciero su amigo en las finanzas personales","isPartOf":{"@id":"https:\/\/gurufinanciero.com\/new\/#website"},"datePublished":"2020-02-19T17:31:15+00:00","dateModified":"2020-02-19T18:44:50+00:00","breadcrumb":{"@id":"https:\/\/gurufinanciero.com\/new\/nueve-pasos-hacia-la-libertad-financiera\/#breadcrumb"},"inLanguage":"es","potentialAction":[{"@type":"ReadAction","target":["https:\/\/gurufinanciero.com\/new\/nueve-pasos-hacia-la-libertad-financiera\/"]}]},{"@type":"BreadcrumbList","@id":"https:\/\/gurufinanciero.com\/new\/nueve-pasos-hacia-la-libertad-financiera\/#breadcrumb","itemListElement":[{"@type":"ListItem","position":1,"name":"Portada","item":"https:\/\/gurufinanciero.com\/new\/"},{"@type":"ListItem","position":2,"name":"Nueve (9) pasos hacia la libertad financiera"}]},{"@type":"WebSite","@id":"https:\/\/gurufinanciero.com\/new\/#website","url":"https:\/\/gurufinanciero.com\/new\/","name":"GuruFinanciero su amigo en las finanzas personales","description":"Mejorar tu salud financiera depender\u00e1 en medida de las decisiones que elijas","publisher":{"@id":"https:\/\/gurufinanciero.com\/new\/#organization"},"potentialAction":[{"@type":"SearchAction","target":{"@type":"EntryPoint","urlTemplate":"https:\/\/gurufinanciero.com\/new\/?s={search_term_string}"},"query-input":{"@type":"PropertyValueSpecification","valueRequired":true,"valueName":"search_term_string"}}],"inLanguage":"es"},{"@type":"Organization","@id":"https:\/\/gurufinanciero.com\/new\/#organization","name":"GuruFinanciero su amigo en las finanzas personales","url":"https:\/\/gurufinanciero.com\/new\/","logo":{"@type":"ImageObject","inLanguage":"es","@id":"https:\/\/gurufinanciero.com\/new\/#\/schema\/logo\/image\/","url":"https:\/\/gurufinanciero.com\/new\/wp-content\/uploads\/2020\/02\/cropped-logo-guru-financiero-finanzas-personales.png","contentUrl":"https:\/\/gurufinanciero.com\/new\/wp-content\/uploads\/2020\/02\/cropped-logo-guru-financiero-finanzas-personales.png","width":718,"height":162,"caption":"GuruFinanciero su amigo en las finanzas personales"},"image":{"@id":"https:\/\/gurufinanciero.com\/new\/#\/schema\/logo\/image\/"}}]}},"_links":{"self":[{"href":"https:\/\/gurufinanciero.com\/new\/wp-json\/wp\/v2\/pages\/688","targetHints":{"allow":["GET"]}}],"collection":[{"href":"https:\/\/gurufinanciero.com\/new\/wp-json\/wp\/v2\/pages"}],"about":[{"href":"https:\/\/gurufinanciero.com\/new\/wp-json\/wp\/v2\/types\/page"}],"author":[{"embeddable":true,"href":"https:\/\/gurufinanciero.com\/new\/wp-json\/wp\/v2\/users\/1"}],"replies":[{"embeddable":true,"href":"https:\/\/gurufinanciero.com\/new\/wp-json\/wp\/v2\/comments?post=688"}],"version-history":[{"count":4,"href":"https:\/\/gurufinanciero.com\/new\/wp-json\/wp\/v2\/pages\/688\/revisions"}],"predecessor-version":[{"id":704,"href":"https:\/\/gurufinanciero.com\/new\/wp-json\/wp\/v2\/pages\/688\/revisions\/704"}],"wp:attachment":[{"href":"https:\/\/gurufinanciero.com\/new\/wp-json\/wp\/v2\/media?parent=688"}],"curies":[{"name":"wp","href":"https:\/\/api.w.org\/{rel}","templated":true}]}}