{"id":585,"date":"2020-02-12T16:39:41","date_gmt":"2020-02-12T16:39:41","guid":{"rendered":"https:\/\/gurufinanciero.com\/new\/?page_id=585"},"modified":"2020-02-26T21:07:40","modified_gmt":"2020-02-26T21:07:40","slug":"conceptos-financieros","status":"publish","type":"page","link":"https:\/\/gurufinanciero.com\/new\/conceptos-financieros\/","title":{"rendered":"Diagn\u00f3stico Conceptos Financieros"},"content":{"rendered":"\t\t<div data-elementor-type=\"wp-page\" data-elementor-id=\"585\" class=\"elementor elementor-585\">\n\t\t\t\t\t\t<section class=\"elementor-section elementor-top-section elementor-element elementor-element-a82360d elementor-section-content-bottom elementor-section-boxed elementor-section-height-default elementor-section-height-default\" data-id=\"a82360d\" data-element_type=\"section\" data-settings=\"{&quot;background_background&quot;:&quot;classic&quot;}\">\n\t\t\t\t\t\t\t<div class=\"elementor-background-overlay\"><\/div>\n\t\t\t\t\t\t\t<div class=\"elementor-container elementor-column-gap-extended\">\n\t\t\t\t\t<div class=\"elementor-column elementor-col-100 elementor-top-column elementor-element elementor-element-1c1358c\" data-id=\"1c1358c\" data-element_type=\"column\">\n\t\t\t<div class=\"elementor-widget-wrap elementor-element-populated\">\n\t\t\t\t\t\t<div class=\"elementor-element elementor-element-30990b0 elementor-widget elementor-widget-spacer\" data-id=\"30990b0\" data-element_type=\"widget\" data-widget_type=\"spacer.default\">\n\t\t\t\t<div class=\"elementor-widget-container\">\n\t\t\t\t\t\t\t<div class=\"elementor-spacer\">\n\t\t\t<div class=\"elementor-spacer-inner\"><\/div>\n\t\t<\/div>\n\t\t\t\t\t\t<\/div>\n\t\t\t\t<\/div>\n\t\t\t\t<div class=\"elementor-element elementor-element-a910830 elementor-widget elementor-widget-heading\" data-id=\"a910830\" data-element_type=\"widget\" data-widget_type=\"heading.default\">\n\t\t\t\t<div class=\"elementor-widget-container\">\n\t\t\t\t\t<h1 class=\"elementor-heading-title elementor-size-default\">Diagn\u00f3stico Financiero<\/h1>\t\t\t\t<\/div>\n\t\t\t\t<\/div>\n\t\t\t\t<div class=\"elementor-element elementor-element-8131403 elementor-widget elementor-widget-spacer\" data-id=\"8131403\" data-element_type=\"widget\" data-widget_type=\"spacer.default\">\n\t\t\t\t<div class=\"elementor-widget-container\">\n\t\t\t\t\t\t\t<div class=\"elementor-spacer\">\n\t\t\t<div class=\"elementor-spacer-inner\"><\/div>\n\t\t<\/div>\n\t\t\t\t\t\t<\/div>\n\t\t\t\t<\/div>\n\t\t\t\t\t<\/div>\n\t\t<\/div>\n\t\t\t\t\t<\/div>\n\t\t<\/section>\n\t\t\t\t<section class=\"elementor-section elementor-top-section elementor-element elementor-element-fb67ce2 elementor-section-boxed elementor-section-height-default elementor-section-height-default\" data-id=\"fb67ce2\" data-element_type=\"section\">\n\t\t\t\t\t\t<div class=\"elementor-container elementor-column-gap-default\">\n\t\t\t\t\t<div class=\"elementor-column elementor-col-100 elementor-top-column elementor-element elementor-element-0ebb3a1\" data-id=\"0ebb3a1\" data-element_type=\"column\">\n\t\t\t<div class=\"elementor-widget-wrap elementor-element-populated\">\n\t\t\t\t\t\t<div class=\"elementor-element elementor-element-77e2950 elementor-widget elementor-widget-spacer\" data-id=\"77e2950\" data-element_type=\"widget\" data-widget_type=\"spacer.default\">\n\t\t\t\t<div class=\"elementor-widget-container\">\n\t\t\t\t\t\t\t<div class=\"elementor-spacer\">\n\t\t\t<div class=\"elementor-spacer-inner\"><\/div>\n\t\t<\/div>\n\t\t\t\t\t\t<\/div>\n\t\t\t\t<\/div>\n\t\t\t\t<div class=\"elementor-element elementor-element-3bf2ca8 elementor-widget elementor-widget-text-editor\" data-id=\"3bf2ca8\" data-element_type=\"widget\" data-widget_type=\"text-editor.default\">\n\t\t\t\t<div class=\"elementor-widget-container\">\n\t\t\t\t\t\t\t\t\t<p>Apreciado cliente, gracias por depositar tu confianza en nosotros y elegirnos como tu mejor opci\u00f3n. Por lo tanto lo invitamos a presentar dos pruebas&nbsp; \u00ab<span style=\"font-size: 14px;\">Diagn\u00f3stico Analfabetismo Financiero\u00bb y \u00abD<\/span><span style=\"font-size: 14px; font-style: normal; font-weight: 400;\">iagn\u00f3stico Conceptos Financieros\u00bb<\/span><span style=\"font-size: 14px;\">&nbsp;con el fin de<\/span><\/p>\n<ul>\n<li>Medir tus capacidades financieras y entender el por qu\u00e9&nbsp; se dan ciertas situaciones o comportamientos<\/li>\n<li>Saber que tipo de problemas vamos manejar<\/li>\n<li>Medir y combatir la informaci\u00f3n financiera. Lograr que la gente entienda los peligros y sobrecostos de las fuentes informales de informaci\u00f3n<\/li>\n<\/ul>\n<div>En ese orden de ideas le pedimos diligenciar la segunda prueba con el cual le damos como finalizado el proceso inicial de diagn\u00f3stico.&nbsp;<br><br><\/div>\n<div><span style=\"font-size: 14px; font-style: normal; font-weight: 400;\">Al final del ejercicio nuestro Coach Financiero se contactar\u00e1 con usted para iniciar el proceso de acompa\u00f1amiento o si usted necesita agendar una cita pronta con nuestro Coach lo puede hacer. Igualmente lo invitamos a que revise nuestra secci\u00f3n recursos did\u00e1ctico compuesto por infografias, v\u00eddeos y noticias de inter\u00e9s.&nbsp;<\/span><br><\/div>\t\t\t\t\t\t\t\t<\/div>\n\t\t\t\t<\/div>\n\t\t\t\t<div class=\"elementor-element elementor-element-1262c71 elementor-widget elementor-widget-heading\" data-id=\"1262c71\" data-element_type=\"widget\" data-widget_type=\"heading.default\">\n\t\t\t\t<div class=\"elementor-widget-container\">\n\t\t\t\t\t<h1 class=\"elementor-heading-title elementor-size-xl\">Diagn\u00f3stico Conceptos Financieros<\/h1>\t\t\t\t<\/div>\n\t\t\t\t<\/div>\n\t\t\t\t\t<\/div>\n\t\t<\/div>\n\t\t\t\t\t<\/div>\n\t\t<\/section>\n\t\t\t\t<section class=\"elementor-section elementor-top-section elementor-element elementor-element-0b4c73c elementor-section-boxed elementor-section-height-default elementor-section-height-default\" data-id=\"0b4c73c\" data-element_type=\"section\">\n\t\t\t\t\t\t<div class=\"elementor-container elementor-column-gap-default\">\n\t\t\t\t\t<div class=\"elementor-column elementor-col-100 elementor-top-column elementor-element elementor-element-4131426\" data-id=\"4131426\" data-element_type=\"column\">\n\t\t\t<div class=\"elementor-widget-wrap elementor-element-populated\">\n\t\t\t\t\t\t<div class=\"elementor-element elementor-element-db929b9 elementor-widget elementor-widget-spacer\" data-id=\"db929b9\" data-element_type=\"widget\" data-widget_type=\"spacer.default\">\n\t\t\t\t<div class=\"elementor-widget-container\">\n\t\t\t\t\t\t\t<div class=\"elementor-spacer\">\n\t\t\t<div class=\"elementor-spacer-inner\"><\/div>\n\t\t<\/div>\n\t\t\t\t\t\t<\/div>\n\t\t\t\t<\/div>\n\t\t\t\t<div class=\"elementor-element elementor-element-c72aaeb elementor-widget elementor-widget-shortcode\" data-id=\"c72aaeb\" data-element_type=\"widget\" data-widget_type=\"shortcode.default\">\n\t\t\t\t<div class=\"elementor-widget-container\">\n\t\t\t\t\t\t\t<div class=\"elementor-shortcode\"><iframe src=\"https:\/\/docs.google.com\/forms\/d\/e\/1FAIpQLScXhhBWQseakL6IPCBJfiUMq_SLa1Hd9CJ9FUpopVeo9ZHsew\/viewform?embedded=true\" width=\"640\" height=\"9378\" frameborder=\"0\" marginheight=\"0\" marginwidth=\"0\">Cargando...<\/iframe><\/div>\n\t\t\t\t\t\t<\/div>\n\t\t\t\t<\/div>\n\t\t\t\t<div class=\"elementor-element elementor-element-5133b24 elementor-widget elementor-widget-button\" data-id=\"5133b24\" data-element_type=\"widget\" data-widget_type=\"button.default\">\n\t\t\t\t<div class=\"elementor-widget-container\">\n\t\t\t\t\t\t\t\t\t<div class=\"elementor-button-wrapper\">\n\t\t\t\t\t<a class=\"elementor-button elementor-button-link elementor-size-sm\" href=\"https:\/\/gurufinanciero.com\/new\/servicios\/\">\n\t\t\t\t\t\t<span class=\"elementor-button-content-wrapper\">\n\t\t\t\t\t\t<span class=\"elementor-button-icon\">\n\t\t\t\t<i aria-hidden=\"true\" class=\"far fa-hand-point-right\"><\/i>\t\t\t<\/span>\n\t\t\t\t\t\t\t\t\t<span class=\"elementor-button-text\">Leer m\u00e1s sobre nuestros servicios<\/span>\n\t\t\t\t\t<\/span>\n\t\t\t\t\t<\/a>\n\t\t\t\t<\/div>\n\t\t\t\t\t\t\t\t<\/div>\n\t\t\t\t<\/div>\n\t\t\t\t<div class=\"elementor-element elementor-element-a8557de elementor-widget elementor-widget-button\" data-id=\"a8557de\" data-element_type=\"widget\" data-widget_type=\"button.default\">\n\t\t\t\t<div class=\"elementor-widget-container\">\n\t\t\t\t\t\t\t\t\t<div class=\"elementor-button-wrapper\">\n\t\t\t\t\t<a class=\"elementor-button elementor-button-link elementor-size-sm\" href=\"#\">\n\t\t\t\t\t\t<span class=\"elementor-button-content-wrapper\">\n\t\t\t\t\t\t<span class=\"elementor-button-icon\">\n\t\t\t\t<i aria-hidden=\"true\" class=\"far fa-calendar\"><\/i>\t\t\t<\/span>\n\t\t\t\t\t\t\t\t\t<span class=\"elementor-button-text\">Agenda cita con nuestro Coach<\/span>\n\t\t\t\t\t<\/span>\n\t\t\t\t\t<\/a>\n\t\t\t\t<\/div>\n\t\t\t\t\t\t\t\t<\/div>\n\t\t\t\t<\/div>\n\t\t\t\t<div class=\"elementor-element elementor-element-18baff7 elementor-widget elementor-widget-button\" data-id=\"18baff7\" data-element_type=\"widget\" data-widget_type=\"button.default\">\n\t\t\t\t<div class=\"elementor-widget-container\">\n\t\t\t\t\t\t\t\t\t<div class=\"elementor-button-wrapper\">\n\t\t\t\t\t<a class=\"elementor-button elementor-button-link elementor-size-sm\" href=\"https:\/\/gurufinanciero.com\/new\/recursos-didacticos\/\">\n\t\t\t\t\t\t<span class=\"elementor-button-content-wrapper\">\n\t\t\t\t\t\t<span class=\"elementor-button-icon\">\n\t\t\t\t<i aria-hidden=\"true\" class=\"far fa-sticky-note\"><\/i>\t\t\t<\/span>\n\t\t\t\t\t\t\t\t\t<span class=\"elementor-button-text\">Ir secci\u00f3n recursos did\u00e1cticos<\/span>\n\t\t\t\t\t<\/span>\n\t\t\t\t\t<\/a>\n\t\t\t\t<\/div>\n\t\t\t\t\t\t\t\t<\/div>\n\t\t\t\t<\/div>\n\t\t\t\t\t<\/div>\n\t\t<\/div>\n\t\t\t\t\t<\/div>\n\t\t<\/section>\n\t\t\t\t<\/div>\n\t\t","protected":false},"excerpt":{"rendered":"<p>Diagn\u00f3stico Financiero Apreciado cliente, gracias por depositar tu confianza en nosotros y elegirnos como tu mejor opci\u00f3n. Por lo tanto lo invitamos a presentar dos pruebas&nbsp; \u00abDiagn\u00f3stico Analfabetismo Financiero\u00bb y \u00abDiagn\u00f3stico Conceptos Financieros\u00bb&nbsp;con el fin de Medir tus capacidades financieras y entender el por qu\u00e9&nbsp; se dan ciertas situaciones o comportamientos Saber que tipo de &hellip;<\/p>\n<p class=\"read-more\"> <a class=\"\" href=\"https:\/\/gurufinanciero.com\/new\/conceptos-financieros\/\"> <span class=\"screen-reader-text\">Diagn\u00f3stico Conceptos Financieros<\/span> Leer m\u00e1s &raquo;<\/a><\/p>\n","protected":false},"author":1,"featured_media":0,"parent":0,"menu_order":0,"comment_status":"closed","ping_status":"closed","template":"","meta":{"footnotes":""},"class_list":["post-585","page","type-page","status-publish","hentry"],"yoast_head":"<!-- This site is optimized with the Yoast SEO plugin v26.9 - https:\/\/yoast.com\/product\/yoast-seo-wordpress\/ -->\n<title>Diagn\u00f3stico Conceptos Financieros - GuruFinanciero su amigo en las finanzas personales<\/title>\n<meta name=\"description\" content=\"Una herramienta dirigida para la comunidad GuruFinanciero en d\u00f3nde podr\u00e1s medir tu grado de conocimientos en temas financieros\" \/>\n<meta name=\"robots\" content=\"index, follow, max-snippet:-1, max-image-preview:large, max-video-preview:-1\" \/>\n<link rel=\"canonical\" href=\"https:\/\/gurufinanciero.com\/new\/conceptos-financieros\/\" \/>\n<meta property=\"og:locale\" content=\"es_ES\" \/>\n<meta property=\"og:type\" content=\"article\" \/>\n<meta property=\"og:title\" content=\"Diagn\u00f3stico Conceptos Financieros - GuruFinanciero su amigo en las finanzas personales\" \/>\n<meta property=\"og:description\" content=\"Una herramienta dirigida para la comunidad GuruFinanciero en d\u00f3nde podr\u00e1s medir tu grado de conocimientos en temas financieros\" \/>\n<meta property=\"og:url\" content=\"https:\/\/gurufinanciero.com\/new\/conceptos-financieros\/\" \/>\n<meta property=\"og:site_name\" content=\"GuruFinanciero su amigo en las finanzas personales\" \/>\n<meta property=\"article:modified_time\" content=\"2020-02-26T21:07:40+00:00\" \/>\n<meta name=\"twitter:card\" content=\"summary_large_image\" \/>\n<meta name=\"twitter:label1\" content=\"Tiempo de lectura\" \/>\n\t<meta name=\"twitter:data1\" content=\"1 minuto\" \/>\n<script type=\"application\/ld+json\" class=\"yoast-schema-graph\">{\"@context\":\"https:\/\/schema.org\",\"@graph\":[{\"@type\":\"WebPage\",\"@id\":\"https:\/\/gurufinanciero.com\/new\/conceptos-financieros\/\",\"url\":\"https:\/\/gurufinanciero.com\/new\/conceptos-financieros\/\",\"name\":\"Diagn\u00f3stico Conceptos Financieros - GuruFinanciero su amigo en las finanzas personales\",\"isPartOf\":{\"@id\":\"https:\/\/gurufinanciero.com\/new\/#website\"},\"datePublished\":\"2020-02-12T16:39:41+00:00\",\"dateModified\":\"2020-02-26T21:07:40+00:00\",\"description\":\"Una herramienta dirigida para la comunidad GuruFinanciero en d\u00f3nde podr\u00e1s medir tu grado de conocimientos en temas financieros\",\"breadcrumb\":{\"@id\":\"https:\/\/gurufinanciero.com\/new\/conceptos-financieros\/#breadcrumb\"},\"inLanguage\":\"es\",\"potentialAction\":[{\"@type\":\"ReadAction\",\"target\":[\"https:\/\/gurufinanciero.com\/new\/conceptos-financieros\/\"]}]},{\"@type\":\"BreadcrumbList\",\"@id\":\"https:\/\/gurufinanciero.com\/new\/conceptos-financieros\/#breadcrumb\",\"itemListElement\":[{\"@type\":\"ListItem\",\"position\":1,\"name\":\"Portada\",\"item\":\"https:\/\/gurufinanciero.com\/new\/\"},{\"@type\":\"ListItem\",\"position\":2,\"name\":\"Diagn\u00f3stico Conceptos Financieros\"}]},{\"@type\":\"WebSite\",\"@id\":\"https:\/\/gurufinanciero.com\/new\/#website\",\"url\":\"https:\/\/gurufinanciero.com\/new\/\",\"name\":\"GuruFinanciero su amigo en las finanzas personales\",\"description\":\"Mejorar tu salud financiera depender\u00e1 en medida de las decisiones que elijas\",\"publisher\":{\"@id\":\"https:\/\/gurufinanciero.com\/new\/#organization\"},\"potentialAction\":[{\"@type\":\"SearchAction\",\"target\":{\"@type\":\"EntryPoint\",\"urlTemplate\":\"https:\/\/gurufinanciero.com\/new\/?s={search_term_string}\"},\"query-input\":{\"@type\":\"PropertyValueSpecification\",\"valueRequired\":true,\"valueName\":\"search_term_string\"}}],\"inLanguage\":\"es\"},{\"@type\":\"Organization\",\"@id\":\"https:\/\/gurufinanciero.com\/new\/#organization\",\"name\":\"GuruFinanciero su amigo en las finanzas personales\",\"url\":\"https:\/\/gurufinanciero.com\/new\/\",\"logo\":{\"@type\":\"ImageObject\",\"inLanguage\":\"es\",\"@id\":\"https:\/\/gurufinanciero.com\/new\/#\/schema\/logo\/image\/\",\"url\":\"https:\/\/gurufinanciero.com\/new\/wp-content\/uploads\/2020\/02\/cropped-logo-guru-financiero-finanzas-personales.png\",\"contentUrl\":\"https:\/\/gurufinanciero.com\/new\/wp-content\/uploads\/2020\/02\/cropped-logo-guru-financiero-finanzas-personales.png\",\"width\":718,\"height\":162,\"caption\":\"GuruFinanciero su amigo en las finanzas personales\"},\"image\":{\"@id\":\"https:\/\/gurufinanciero.com\/new\/#\/schema\/logo\/image\/\"}}]}<\/script>\n<!-- \/ Yoast SEO plugin. -->","yoast_head_json":{"title":"Diagn\u00f3stico Conceptos Financieros - GuruFinanciero su amigo en las finanzas personales","description":"Una herramienta dirigida para la comunidad GuruFinanciero en d\u00f3nde podr\u00e1s medir tu grado de conocimientos en temas financieros","robots":{"index":"index","follow":"follow","max-snippet":"max-snippet:-1","max-image-preview":"max-image-preview:large","max-video-preview":"max-video-preview:-1"},"canonical":"https:\/\/gurufinanciero.com\/new\/conceptos-financieros\/","og_locale":"es_ES","og_type":"article","og_title":"Diagn\u00f3stico Conceptos Financieros - GuruFinanciero su amigo en las finanzas personales","og_description":"Una herramienta dirigida para la comunidad GuruFinanciero en d\u00f3nde podr\u00e1s medir tu grado de conocimientos en temas financieros","og_url":"https:\/\/gurufinanciero.com\/new\/conceptos-financieros\/","og_site_name":"GuruFinanciero su amigo en las finanzas personales","article_modified_time":"2020-02-26T21:07:40+00:00","twitter_card":"summary_large_image","twitter_misc":{"Tiempo de lectura":"1 minuto"},"schema":{"@context":"https:\/\/schema.org","@graph":[{"@type":"WebPage","@id":"https:\/\/gurufinanciero.com\/new\/conceptos-financieros\/","url":"https:\/\/gurufinanciero.com\/new\/conceptos-financieros\/","name":"Diagn\u00f3stico Conceptos Financieros - GuruFinanciero su amigo en las finanzas personales","isPartOf":{"@id":"https:\/\/gurufinanciero.com\/new\/#website"},"datePublished":"2020-02-12T16:39:41+00:00","dateModified":"2020-02-26T21:07:40+00:00","description":"Una herramienta dirigida para la comunidad GuruFinanciero en d\u00f3nde podr\u00e1s medir tu grado de conocimientos en temas financieros","breadcrumb":{"@id":"https:\/\/gurufinanciero.com\/new\/conceptos-financieros\/#breadcrumb"},"inLanguage":"es","potentialAction":[{"@type":"ReadAction","target":["https:\/\/gurufinanciero.com\/new\/conceptos-financieros\/"]}]},{"@type":"BreadcrumbList","@id":"https:\/\/gurufinanciero.com\/new\/conceptos-financieros\/#breadcrumb","itemListElement":[{"@type":"ListItem","position":1,"name":"Portada","item":"https:\/\/gurufinanciero.com\/new\/"},{"@type":"ListItem","position":2,"name":"Diagn\u00f3stico Conceptos Financieros"}]},{"@type":"WebSite","@id":"https:\/\/gurufinanciero.com\/new\/#website","url":"https:\/\/gurufinanciero.com\/new\/","name":"GuruFinanciero su amigo en las finanzas personales","description":"Mejorar tu salud financiera depender\u00e1 en medida de las decisiones que elijas","publisher":{"@id":"https:\/\/gurufinanciero.com\/new\/#organization"},"potentialAction":[{"@type":"SearchAction","target":{"@type":"EntryPoint","urlTemplate":"https:\/\/gurufinanciero.com\/new\/?s={search_term_string}"},"query-input":{"@type":"PropertyValueSpecification","valueRequired":true,"valueName":"search_term_string"}}],"inLanguage":"es"},{"@type":"Organization","@id":"https:\/\/gurufinanciero.com\/new\/#organization","name":"GuruFinanciero su amigo en las finanzas personales","url":"https:\/\/gurufinanciero.com\/new\/","logo":{"@type":"ImageObject","inLanguage":"es","@id":"https:\/\/gurufinanciero.com\/new\/#\/schema\/logo\/image\/","url":"https:\/\/gurufinanciero.com\/new\/wp-content\/uploads\/2020\/02\/cropped-logo-guru-financiero-finanzas-personales.png","contentUrl":"https:\/\/gurufinanciero.com\/new\/wp-content\/uploads\/2020\/02\/cropped-logo-guru-financiero-finanzas-personales.png","width":718,"height":162,"caption":"GuruFinanciero su amigo en las finanzas personales"},"image":{"@id":"https:\/\/gurufinanciero.com\/new\/#\/schema\/logo\/image\/"}}]}},"_links":{"self":[{"href":"https:\/\/gurufinanciero.com\/new\/wp-json\/wp\/v2\/pages\/585","targetHints":{"allow":["GET"]}}],"collection":[{"href":"https:\/\/gurufinanciero.com\/new\/wp-json\/wp\/v2\/pages"}],"about":[{"href":"https:\/\/gurufinanciero.com\/new\/wp-json\/wp\/v2\/types\/page"}],"author":[{"embeddable":true,"href":"https:\/\/gurufinanciero.com\/new\/wp-json\/wp\/v2\/users\/1"}],"replies":[{"embeddable":true,"href":"https:\/\/gurufinanciero.com\/new\/wp-json\/wp\/v2\/comments?post=585"}],"version-history":[{"count":32,"href":"https:\/\/gurufinanciero.com\/new\/wp-json\/wp\/v2\/pages\/585\/revisions"}],"predecessor-version":[{"id":777,"href":"https:\/\/gurufinanciero.com\/new\/wp-json\/wp\/v2\/pages\/585\/revisions\/777"}],"wp:attachment":[{"href":"https:\/\/gurufinanciero.com\/new\/wp-json\/wp\/v2\/media?parent=585"}],"curies":[{"name":"wp","href":"https:\/\/api.w.org\/{rel}","templated":true}]}}