{"id":1158,"date":"2020-09-15T19:41:57","date_gmt":"2020-09-15T19:41:57","guid":{"rendered":"https:\/\/gurufinanciero.com\/new\/?page_id=1158"},"modified":"2020-09-15T19:58:27","modified_gmt":"2020-09-15T19:58:27","slug":"donde-te-llevan-tus-suenos","status":"publish","type":"page","link":"https:\/\/gurufinanciero.com\/new\/donde-te-llevan-tus-suenos\/","title":{"rendered":"\u00bfD\u00f3nde tus sue\u00f1os te lleven?"},"content":{"rendered":"\t\t<div data-elementor-type=\"wp-page\" data-elementor-id=\"1158\" class=\"elementor elementor-1158\">\n\t\t\t\t\t\t<section class=\"elementor-section elementor-top-section elementor-element elementor-element-ae5f9b4 elementor-section-content-bottom elementor-section-boxed elementor-section-height-default elementor-section-height-default\" data-id=\"ae5f9b4\" data-element_type=\"section\" data-settings=\"{&quot;background_background&quot;:&quot;classic&quot;}\">\n\t\t\t\t\t\t\t<div class=\"elementor-background-overlay\"><\/div>\n\t\t\t\t\t\t\t<div class=\"elementor-container elementor-column-gap-extended\">\n\t\t\t\t\t<div class=\"elementor-column elementor-col-100 elementor-top-column elementor-element elementor-element-ec6ff2b\" data-id=\"ec6ff2b\" data-element_type=\"column\">\n\t\t\t<div class=\"elementor-widget-wrap elementor-element-populated\">\n\t\t\t\t\t\t<div class=\"elementor-element elementor-element-f5a7dd6 elementor-widget elementor-widget-spacer\" data-id=\"f5a7dd6\" data-element_type=\"widget\" data-widget_type=\"spacer.default\">\n\t\t\t\t<div class=\"elementor-widget-container\">\n\t\t\t\t\t\t\t<div class=\"elementor-spacer\">\n\t\t\t<div class=\"elementor-spacer-inner\"><\/div>\n\t\t<\/div>\n\t\t\t\t\t\t<\/div>\n\t\t\t\t<\/div>\n\t\t\t\t<div class=\"elementor-element elementor-element-bbc1434 elementor-widget elementor-widget-heading\" data-id=\"bbc1434\" data-element_type=\"widget\" data-widget_type=\"heading.default\">\n\t\t\t\t<div class=\"elementor-widget-container\">\n\t\t\t\t\t<h1 class=\"elementor-heading-title elementor-size-default\">\u00bfD\u00f3nde te llevan tus sue\u00f1os?<\/h1>\t\t\t\t<\/div>\n\t\t\t\t<\/div>\n\t\t\t\t<div class=\"elementor-element elementor-element-cd38690 elementor-widget elementor-widget-spacer\" data-id=\"cd38690\" data-element_type=\"widget\" data-widget_type=\"spacer.default\">\n\t\t\t\t<div class=\"elementor-widget-container\">\n\t\t\t\t\t\t\t<div class=\"elementor-spacer\">\n\t\t\t<div class=\"elementor-spacer-inner\"><\/div>\n\t\t<\/div>\n\t\t\t\t\t\t<\/div>\n\t\t\t\t<\/div>\n\t\t\t\t\t<\/div>\n\t\t<\/div>\n\t\t\t\t\t<\/div>\n\t\t<\/section>\n\t\t\t\t<section class=\"elementor-section elementor-top-section elementor-element elementor-element-272dac3 elementor-section-boxed elementor-section-height-default elementor-section-height-default\" data-id=\"272dac3\" data-element_type=\"section\">\n\t\t\t\t\t\t<div class=\"elementor-container elementor-column-gap-default\">\n\t\t\t\t\t<div class=\"elementor-column elementor-col-100 elementor-top-column elementor-element elementor-element-0c317bb\" data-id=\"0c317bb\" data-element_type=\"column\">\n\t\t\t<div class=\"elementor-widget-wrap elementor-element-populated\">\n\t\t\t\t\t\t<div class=\"elementor-element elementor-element-bdd4092 elementor-widget elementor-widget-spacer\" data-id=\"bdd4092\" data-element_type=\"widget\" data-widget_type=\"spacer.default\">\n\t\t\t\t<div class=\"elementor-widget-container\">\n\t\t\t\t\t\t\t<div class=\"elementor-spacer\">\n\t\t\t<div class=\"elementor-spacer-inner\"><\/div>\n\t\t<\/div>\n\t\t\t\t\t\t<\/div>\n\t\t\t\t<\/div>\n\t\t\t\t<div class=\"elementor-element elementor-element-d012e2c elementor-widget elementor-widget-text-editor\" data-id=\"d012e2c\" data-element_type=\"widget\" data-widget_type=\"text-editor.default\">\n\t\t\t\t<div class=\"elementor-widget-container\">\n\t\t\t\t\t\t\t\t\t<p><span style=\"font-size: 14px;\">\u00bfEst\u00e1s satisfecho con la direcci\u00f3n que sigue tu vida?\u00a0<\/span><span style=\"font-size: 14px;\">Lo cierto es que todos queremos mejorar, ya que todos pasamos por dificultades en distintos momentos de la vida.\u00a0<\/span><span style=\"font-size: 14px; font-style: normal; font-weight: 400;\">Tu pasado no determina tu futuro.\u00a0<\/span><\/p><p><span style=\"font-size: 14px; font-style: normal; font-weight: 400;\">Con este v\u00eddeo le ayudar\u00e1 a encontrar las respuestas necesarias para tomar las decisiones y encontrar su camino hacia el \u00e9xito y la plenitud, enfrentando y superando sus miedos.<\/span><\/p>\t\t\t\t\t\t\t\t<\/div>\n\t\t\t\t<\/div>\n\t\t\t\t<div class=\"elementor-element elementor-element-2e7f4c8 elementor-align-center elementor-widget elementor-widget-button\" data-id=\"2e7f4c8\" data-element_type=\"widget\" data-widget_type=\"button.default\">\n\t\t\t\t<div class=\"elementor-widget-container\">\n\t\t\t\t\t\t\t\t\t<div class=\"elementor-button-wrapper\">\n\t\t\t\t\t<a class=\"elementor-button elementor-button-link elementor-size-sm\" href=\"https:\/\/www.youtube.com\/watch?v=b2UyFJ_GMZc\" target=\"_blank\">\n\t\t\t\t\t\t<span class=\"elementor-button-content-wrapper\">\n\t\t\t\t\t\t\t\t\t<span class=\"elementor-button-text\">Ver v\u00eddeo<\/span>\n\t\t\t\t\t<\/span>\n\t\t\t\t\t<\/a>\n\t\t\t\t<\/div>\n\t\t\t\t\t\t\t\t<\/div>\n\t\t\t\t<\/div>\n\t\t\t\t\t<\/div>\n\t\t<\/div>\n\t\t\t\t\t<\/div>\n\t\t<\/section>\n\t\t\t\t<section class=\"elementor-section elementor-top-section elementor-element elementor-element-f46fdff elementor-section-boxed elementor-section-height-default elementor-section-height-default\" data-id=\"f46fdff\" data-element_type=\"section\">\n\t\t\t\t\t\t<div class=\"elementor-container elementor-column-gap-default\">\n\t\t\t\t\t<div class=\"elementor-column elementor-col-100 elementor-top-column elementor-element elementor-element-ad54fed\" data-id=\"ad54fed\" data-element_type=\"column\">\n\t\t\t<div class=\"elementor-widget-wrap elementor-element-populated\">\n\t\t\t\t\t\t<div class=\"elementor-element elementor-element-8bffdb7 elementor-widget elementor-widget-text-editor\" data-id=\"8bffdb7\" data-element_type=\"widget\" data-widget_type=\"text-editor.default\">\n\t\t\t\t<div class=\"elementor-widget-container\">\n\t\t\t\t\t\t\t\t\t<p style=\"font-size: 14px; font-style: normal; font-weight: 400; text-align: justify;\" data-unit=\"px\">El equipo de\u00a0<span style=\"font-size: 14px; font-weight: bold;\">GuruFinanciero\u00ae<\/span> puede acompa\u00f1arle resolvi\u00e9ndole inquietudes para lograr el camino hacia el \u00e9xito y la plenitud financiera<span style=\"font-size: 14px; font-style: normal; font-weight: 400;\">, separar una primera cita.\u00a0<\/span><\/p>\t\t\t\t\t\t\t\t<\/div>\n\t\t\t\t<\/div>\n\t\t\t\t\t<\/div>\n\t\t<\/div>\n\t\t\t\t\t<\/div>\n\t\t<\/section>\n\t\t\t\t<section class=\"elementor-section elementor-top-section elementor-element elementor-element-a510a16 elementor-section-boxed elementor-section-height-default elementor-section-height-default\" data-id=\"a510a16\" data-element_type=\"section\">\n\t\t\t\t\t\t<div class=\"elementor-container elementor-column-gap-default\">\n\t\t\t\t\t<div class=\"elementor-column elementor-col-100 elementor-top-column elementor-element elementor-element-26ce661\" data-id=\"26ce661\" data-element_type=\"column\">\n\t\t\t<div class=\"elementor-widget-wrap elementor-element-populated\">\n\t\t\t\t\t\t<div class=\"elementor-element elementor-element-ef2ea30 elementor-align-center elementor-widget elementor-widget-button\" data-id=\"ef2ea30\" data-element_type=\"widget\" data-widget_type=\"button.default\">\n\t\t\t\t<div class=\"elementor-widget-container\">\n\t\t\t\t\t\t\t\t\t<div class=\"elementor-button-wrapper\">\n\t\t\t\t\t<a class=\"elementor-button elementor-button-link elementor-size-sm\" href=\"https:\/\/calendly.com\/gurufinanciero-asesoria-financiera\/asesoria-general-sin-costo\" target=\"_blank\">\n\t\t\t\t\t\t<span class=\"elementor-button-content-wrapper\">\n\t\t\t\t\t\t\t\t\t<span class=\"elementor-button-text\">Agendar cita con Mentor Experto<\/span>\n\t\t\t\t\t<\/span>\n\t\t\t\t\t<\/a>\n\t\t\t\t<\/div>\n\t\t\t\t\t\t\t\t<\/div>\n\t\t\t\t<\/div>\n\t\t\t\t\t<\/div>\n\t\t<\/div>\n\t\t\t\t\t<\/div>\n\t\t<\/section>\n\t\t\t\t<\/div>\n\t\t","protected":false},"excerpt":{"rendered":"<p>\u00bfD\u00f3nde te llevan tus sue\u00f1os? \u00bfEst\u00e1s satisfecho con la direcci\u00f3n que sigue tu vida?\u00a0Lo cierto es que todos queremos mejorar, ya que todos pasamos por dificultades en distintos momentos de la vida.\u00a0Tu pasado no determina tu futuro.\u00a0 Con este v\u00eddeo le ayudar\u00e1 a encontrar las respuestas necesarias para tomar las decisiones y encontrar su camino &hellip;<\/p>\n<p class=\"read-more\"> <a class=\"\" href=\"https:\/\/gurufinanciero.com\/new\/donde-te-llevan-tus-suenos\/\"> <span class=\"screen-reader-text\">\u00bfD\u00f3nde tus sue\u00f1os te lleven?<\/span> Leer m\u00e1s &raquo;<\/a><\/p>\n","protected":false},"author":1,"featured_media":0,"parent":0,"menu_order":0,"comment_status":"closed","ping_status":"closed","template":"","meta":{"footnotes":""},"class_list":["post-1158","page","type-page","status-publish","hentry"],"yoast_head":"<!-- This site is optimized with the Yoast SEO plugin v26.9 - https:\/\/yoast.com\/product\/yoast-seo-wordpress\/ -->\n<title>\u00bfD\u00f3nde tus sue\u00f1os te lleven? - GuruFinanciero su amigo en las finanzas personales<\/title>\n<meta name=\"description\" content=\"\u00bfEst\u00e1s satisfecho con la direcci\u00f3n que sigue tu vida? Lo cierto es que todos queremos mejorar, ya que todos pasamos por dificultades en distintos momentos de la vida, este video trata de darle respuesta a ese interrogante\" \/>\n<meta name=\"robots\" content=\"index, follow, max-snippet:-1, max-image-preview:large, max-video-preview:-1\" \/>\n<link rel=\"canonical\" href=\"https:\/\/gurufinanciero.com\/new\/donde-te-llevan-tus-suenos\/\" \/>\n<meta property=\"og:locale\" content=\"es_ES\" \/>\n<meta property=\"og:type\" content=\"article\" \/>\n<meta property=\"og:title\" content=\"\u00bfD\u00f3nde tus sue\u00f1os te lleven? - GuruFinanciero su amigo en las finanzas personales\" \/>\n<meta property=\"og:description\" content=\"\u00bfEst\u00e1s satisfecho con la direcci\u00f3n que sigue tu vida? Lo cierto es que todos queremos mejorar, ya que todos pasamos por dificultades en distintos momentos de la vida, este video trata de darle respuesta a ese interrogante\" \/>\n<meta property=\"og:url\" content=\"https:\/\/gurufinanciero.com\/new\/donde-te-llevan-tus-suenos\/\" \/>\n<meta property=\"og:site_name\" content=\"GuruFinanciero su amigo en las finanzas personales\" \/>\n<meta property=\"article:modified_time\" content=\"2020-09-15T19:58:27+00:00\" \/>\n<meta name=\"twitter:card\" content=\"summary_large_image\" \/>\n<meta name=\"twitter:label1\" content=\"Tiempo de lectura\" \/>\n\t<meta name=\"twitter:data1\" content=\"1 minuto\" \/>\n<script type=\"application\/ld+json\" class=\"yoast-schema-graph\">{\"@context\":\"https:\/\/schema.org\",\"@graph\":[{\"@type\":\"WebPage\",\"@id\":\"https:\/\/gurufinanciero.com\/new\/donde-te-llevan-tus-suenos\/\",\"url\":\"https:\/\/gurufinanciero.com\/new\/donde-te-llevan-tus-suenos\/\",\"name\":\"\u00bfD\u00f3nde tus sue\u00f1os te lleven? - GuruFinanciero su amigo en las finanzas personales\",\"isPartOf\":{\"@id\":\"https:\/\/gurufinanciero.com\/new\/#website\"},\"datePublished\":\"2020-09-15T19:41:57+00:00\",\"dateModified\":\"2020-09-15T19:58:27+00:00\",\"description\":\"\u00bfEst\u00e1s satisfecho con la direcci\u00f3n que sigue tu vida? Lo cierto es que todos queremos mejorar, ya que todos pasamos por dificultades en distintos momentos de la vida, este video trata de darle respuesta a ese interrogante\",\"breadcrumb\":{\"@id\":\"https:\/\/gurufinanciero.com\/new\/donde-te-llevan-tus-suenos\/#breadcrumb\"},\"inLanguage\":\"es\",\"potentialAction\":[{\"@type\":\"ReadAction\",\"target\":[\"https:\/\/gurufinanciero.com\/new\/donde-te-llevan-tus-suenos\/\"]}]},{\"@type\":\"BreadcrumbList\",\"@id\":\"https:\/\/gurufinanciero.com\/new\/donde-te-llevan-tus-suenos\/#breadcrumb\",\"itemListElement\":[{\"@type\":\"ListItem\",\"position\":1,\"name\":\"Portada\",\"item\":\"https:\/\/gurufinanciero.com\/new\/\"},{\"@type\":\"ListItem\",\"position\":2,\"name\":\"\u00bfD\u00f3nde tus sue\u00f1os te lleven?\"}]},{\"@type\":\"WebSite\",\"@id\":\"https:\/\/gurufinanciero.com\/new\/#website\",\"url\":\"https:\/\/gurufinanciero.com\/new\/\",\"name\":\"GuruFinanciero su amigo en las finanzas personales\",\"description\":\"Mejorar tu salud financiera depender\u00e1 en medida de las decisiones que elijas\",\"publisher\":{\"@id\":\"https:\/\/gurufinanciero.com\/new\/#organization\"},\"potentialAction\":[{\"@type\":\"SearchAction\",\"target\":{\"@type\":\"EntryPoint\",\"urlTemplate\":\"https:\/\/gurufinanciero.com\/new\/?s={search_term_string}\"},\"query-input\":{\"@type\":\"PropertyValueSpecification\",\"valueRequired\":true,\"valueName\":\"search_term_string\"}}],\"inLanguage\":\"es\"},{\"@type\":\"Organization\",\"@id\":\"https:\/\/gurufinanciero.com\/new\/#organization\",\"name\":\"GuruFinanciero su amigo en las finanzas personales\",\"url\":\"https:\/\/gurufinanciero.com\/new\/\",\"logo\":{\"@type\":\"ImageObject\",\"inLanguage\":\"es\",\"@id\":\"https:\/\/gurufinanciero.com\/new\/#\/schema\/logo\/image\/\",\"url\":\"https:\/\/gurufinanciero.com\/new\/wp-content\/uploads\/2020\/02\/cropped-logo-guru-financiero-finanzas-personales.png\",\"contentUrl\":\"https:\/\/gurufinanciero.com\/new\/wp-content\/uploads\/2020\/02\/cropped-logo-guru-financiero-finanzas-personales.png\",\"width\":718,\"height\":162,\"caption\":\"GuruFinanciero su amigo en las finanzas personales\"},\"image\":{\"@id\":\"https:\/\/gurufinanciero.com\/new\/#\/schema\/logo\/image\/\"}}]}<\/script>\n<!-- \/ Yoast SEO plugin. -->","yoast_head_json":{"title":"\u00bfD\u00f3nde tus sue\u00f1os te lleven? - GuruFinanciero su amigo en las finanzas personales","description":"\u00bfEst\u00e1s satisfecho con la direcci\u00f3n que sigue tu vida? Lo cierto es que todos queremos mejorar, ya que todos pasamos por dificultades en distintos momentos de la vida, este video trata de darle respuesta a ese interrogante","robots":{"index":"index","follow":"follow","max-snippet":"max-snippet:-1","max-image-preview":"max-image-preview:large","max-video-preview":"max-video-preview:-1"},"canonical":"https:\/\/gurufinanciero.com\/new\/donde-te-llevan-tus-suenos\/","og_locale":"es_ES","og_type":"article","og_title":"\u00bfD\u00f3nde tus sue\u00f1os te lleven? - GuruFinanciero su amigo en las finanzas personales","og_description":"\u00bfEst\u00e1s satisfecho con la direcci\u00f3n que sigue tu vida? Lo cierto es que todos queremos mejorar, ya que todos pasamos por dificultades en distintos momentos de la vida, este video trata de darle respuesta a ese interrogante","og_url":"https:\/\/gurufinanciero.com\/new\/donde-te-llevan-tus-suenos\/","og_site_name":"GuruFinanciero su amigo en las finanzas personales","article_modified_time":"2020-09-15T19:58:27+00:00","twitter_card":"summary_large_image","twitter_misc":{"Tiempo de lectura":"1 minuto"},"schema":{"@context":"https:\/\/schema.org","@graph":[{"@type":"WebPage","@id":"https:\/\/gurufinanciero.com\/new\/donde-te-llevan-tus-suenos\/","url":"https:\/\/gurufinanciero.com\/new\/donde-te-llevan-tus-suenos\/","name":"\u00bfD\u00f3nde tus sue\u00f1os te lleven? - GuruFinanciero su amigo en las finanzas personales","isPartOf":{"@id":"https:\/\/gurufinanciero.com\/new\/#website"},"datePublished":"2020-09-15T19:41:57+00:00","dateModified":"2020-09-15T19:58:27+00:00","description":"\u00bfEst\u00e1s satisfecho con la direcci\u00f3n que sigue tu vida? Lo cierto es que todos queremos mejorar, ya que todos pasamos por dificultades en distintos momentos de la vida, este video trata de darle respuesta a ese interrogante","breadcrumb":{"@id":"https:\/\/gurufinanciero.com\/new\/donde-te-llevan-tus-suenos\/#breadcrumb"},"inLanguage":"es","potentialAction":[{"@type":"ReadAction","target":["https:\/\/gurufinanciero.com\/new\/donde-te-llevan-tus-suenos\/"]}]},{"@type":"BreadcrumbList","@id":"https:\/\/gurufinanciero.com\/new\/donde-te-llevan-tus-suenos\/#breadcrumb","itemListElement":[{"@type":"ListItem","position":1,"name":"Portada","item":"https:\/\/gurufinanciero.com\/new\/"},{"@type":"ListItem","position":2,"name":"\u00bfD\u00f3nde tus sue\u00f1os te lleven?"}]},{"@type":"WebSite","@id":"https:\/\/gurufinanciero.com\/new\/#website","url":"https:\/\/gurufinanciero.com\/new\/","name":"GuruFinanciero su amigo en las finanzas personales","description":"Mejorar tu salud financiera depender\u00e1 en medida de las decisiones que elijas","publisher":{"@id":"https:\/\/gurufinanciero.com\/new\/#organization"},"potentialAction":[{"@type":"SearchAction","target":{"@type":"EntryPoint","urlTemplate":"https:\/\/gurufinanciero.com\/new\/?s={search_term_string}"},"query-input":{"@type":"PropertyValueSpecification","valueRequired":true,"valueName":"search_term_string"}}],"inLanguage":"es"},{"@type":"Organization","@id":"https:\/\/gurufinanciero.com\/new\/#organization","name":"GuruFinanciero su amigo en las finanzas personales","url":"https:\/\/gurufinanciero.com\/new\/","logo":{"@type":"ImageObject","inLanguage":"es","@id":"https:\/\/gurufinanciero.com\/new\/#\/schema\/logo\/image\/","url":"https:\/\/gurufinanciero.com\/new\/wp-content\/uploads\/2020\/02\/cropped-logo-guru-financiero-finanzas-personales.png","contentUrl":"https:\/\/gurufinanciero.com\/new\/wp-content\/uploads\/2020\/02\/cropped-logo-guru-financiero-finanzas-personales.png","width":718,"height":162,"caption":"GuruFinanciero su amigo en las finanzas personales"},"image":{"@id":"https:\/\/gurufinanciero.com\/new\/#\/schema\/logo\/image\/"}}]}},"_links":{"self":[{"href":"https:\/\/gurufinanciero.com\/new\/wp-json\/wp\/v2\/pages\/1158","targetHints":{"allow":["GET"]}}],"collection":[{"href":"https:\/\/gurufinanciero.com\/new\/wp-json\/wp\/v2\/pages"}],"about":[{"href":"https:\/\/gurufinanciero.com\/new\/wp-json\/wp\/v2\/types\/page"}],"author":[{"embeddable":true,"href":"https:\/\/gurufinanciero.com\/new\/wp-json\/wp\/v2\/users\/1"}],"replies":[{"embeddable":true,"href":"https:\/\/gurufinanciero.com\/new\/wp-json\/wp\/v2\/comments?post=1158"}],"version-history":[{"count":2,"href":"https:\/\/gurufinanciero.com\/new\/wp-json\/wp\/v2\/pages\/1158\/revisions"}],"predecessor-version":[{"id":1165,"href":"https:\/\/gurufinanciero.com\/new\/wp-json\/wp\/v2\/pages\/1158\/revisions\/1165"}],"wp:attachment":[{"href":"https:\/\/gurufinanciero.com\/new\/wp-json\/wp\/v2\/media?parent=1158"}],"curies":[{"name":"wp","href":"https:\/\/api.w.org\/{rel}","templated":true}]}}